{"id":65,"date":"2015-07-07T13:48:32","date_gmt":"2015-07-07T17:48:32","guid":{"rendered":"http:\/\/hopespoir.ca\/?page_id=65"},"modified":"2026-03-17T10:16:37","modified_gmt":"2026-03-17T14:16:37","slug":"accueil","status":"publish","type":"page","link":"https:\/\/hopespoir.ca\/fr\/","title":{"rendered":"Accueil"},"content":{"rendered":"\n<h1>\n\t\tLa Fondation jeunesse Brome-Missisquoi\n\t<\/h1>\n\t<p>La <strong>Fondation jeunesse Brome-Missisquoi <\/strong>offre trois Maisons de l&rsquo;Espoir (foyers de groupe) dans les Cantons de l&rsquo;Est pour les enfants \u00e0 risque \u00e2g\u00e9s de 6 \u00e0 17 ans.<\/p>\n<p>Ces maisons offrent des environnements bien supervis\u00e9s, structur\u00e9s, s\u00fbrs, calmes, encourageants et constructifs. Ils aident les enfants et les jeunes \u00e0 d\u00e9velopper leur estime de soi dans le confort d&rsquo;un environnement familier et stable.<\/p>\n\t<p>Nous offrons de l&rsquo;espoir aux jeunes et nous voulons leur offrir un avenir meilleur.<\/p>\n\t\n\t\t\t\t\t\u00c0 ce jour, plus de\n\t\t\t\t1 100 jeunes\n\t\t\t\t\tont b\u00e9n\u00e9fici\u00e9 de l&rsquo;aide de Fondation.\n\t\t\t\n<h2>\n\t\tLes Maisons de l&rsquo;Espoir\n\t<\/h2>\n\t\t\t\t<img loading=\"lazy\" decoding=\"async\" src=\"https:\/\/hopespoir.ca\/wp-content\/uploads\/2023\/09\/espace-vivant-2.jpg\" alt=\"Maison Espace vivant\" itemprop=\"image\" height=\"1500\" width=\"2000\" title=\"Maison Espace vivant\" onerror=\"this.style.display='none'\"  \/>\n\t\t<h3>Espace vivant<\/h3><p>Cette maison peut accueillir jusqu&rsquo;\u00e0 huit jeunes pour des besoins \u00e0 court ou moyen terme.<\/p>\n\t\t\t\t<img loading=\"lazy\" decoding=\"async\" src=\"https:\/\/hopespoir.ca\/wp-content\/uploads\/2023\/09\/maison-contat-1.jpg\" alt=\"Maison Contat\" itemprop=\"image\" height=\"1500\" width=\"2000\" title=\"Maison Contat\" onerror=\"this.style.display='none'\"  \/>\n\t\t<h3>Maison Contat<\/h3><p>Cette maison peut accueillir jusqu&rsquo;\u00e0 neuf enfants \u00e0 risque pour une longue p\u00e9riode.<\/p>\n\t\t\t\t<img loading=\"lazy\" decoding=\"async\" src=\"https:\/\/hopespoir.ca\/wp-content\/uploads\/2023\/09\/le-tremplin-1.jpg\" alt=\"Maison le Tremplin\" itemprop=\"image\" height=\"1500\" width=\"2000\" title=\"Maison le Tremplin\" onerror=\"this.style.display='none'\"  \/>\n\t\t<h3>Le tremplin<\/h3><p>Cette maison peut accueillir jusqu&rsquo;\u00e0 neuf jeunes principalement pour des s\u00e9jours de longue dur\u00e9e.<\/p>\n\t\t\t<a href=\"http:\/\/hopespoir.ca\/nos-maisons\/\" target=\"_self\">\n\t\t\t\t\t\t\tVenez d\u00e9couvrir les Maisons de l&rsquo;Espoir\n\t\t\t\t\t<\/a>\n\t\t\t\t<h2>T\u00e9moignages de certains de nos r\u00e9sidents<\/h2>\n\t\t\t\t\t\t\t\t\t\t<p>The group home has changed me in many ways. I am more patient and I value things more than I did before. I have learned many things here, like cooperating with people I do not like.There are things that I have appreciated since I have been at BMAYS, such as Christmas gifts at Christmas and the driving courses I have been doing since January.The activities we do at the group home have taught me to appreciate things in life. Without the foundation it would not be possible to do or have these amazing things.<\/p>\n\t\t\t\t\t\t\t\t\t<h3>Ja.<\/h3>\n\t\t\t\t\t\t\t\t\t\t<p>I am 16 years old and have been living at BMAYS for over a year now.Being at the group home has helped me with my anger and social problems. Since being at BMAYS, I have done more activities than I would have done at home this summer. For example, I love Manga comic books and one of the staff at BMYAS introduced me to an entire library in Montreal that only has Manga comics. This is an activity to do on my own. The staff showed me how to use the public transport to get to the library so I can go on my own when I&rsquo;m at home.If I had been in the same state of mind I was in before coming to BMAYS, I would have never done any of these activities. Living at BMAYS has helped change me so that I can be more respectful at home with my family and in everyday life.<\/p>\n\t\t\t\t\t\t\t\t\t<h3>Jo.<\/h3>\n\t\t\t\t\t\t\t\t\t\t<p>Bonjour, je m&rsquo;appelle A., j&rsquo;ai 14 ans et je vis au Tremplin. Les \u00e9ducateurs ont toujours \u00e9t\u00e9 \u00e0 l&rsquo;\u00e9coute et je savais que je pourrais leurs faire confiance;\u00a0 ils ont toujours le sens de l&rsquo;humour ce qui rend l&rsquo;ambiance du groupe agr\u00e9able. Depuis que je suis au Tremplin j&rsquo;ai fait plusieurs activit\u00e9s dont monter le Mont Sutton, faire du kayak, p\u00e9dalo et du GoKart. Les \u00e9ducateurs sont toujours l\u00e0 pour nous peu importe les situations, on peut compter sur eux, des fois il y a des moments difficiles mais on les aime quand m\u00eame. Tout pour te dire que le Tremplin est un milieu agr\u00e9able, o\u00f9 tu ne t&rsquo;ennuies pas.<\/p>\n\t\t\t\t\t\t\t\t\t<h3>A.<\/h3>\n\t\t\t\t\t\t\t\t\t\t<p>Bonjour !Je me nomme Z. J&rsquo;ai 16 ans et je vis au Tremplin depuis pr\u00e8s de 1 an. Ici, il y a une routine ce qui nous apprend \u00e0 s&rsquo;organiser et les \u00e9ducateurs nous aident \u00e0 penser \u00e0 ce que nous avons \u00e0 faire. Cela m&rsquo;encourage \u00e0 devenir de plus en plus autonome. La vie de groupe est parfois difficile mais nous r\u00e9ussissons \u00e0 rester tous unis. Vivre en groupe avec des gens que je n&rsquo;ai pas choisis me fait travailler \u00e0 mieux exprimer mes besoins et \u00e9motions et les \u00e9ducateurs nous rappellent nos moyens pour mieux g\u00e9rer nos conflits. Les \u00e9ducateurs sont assez jeunes et dynamiques alors nous pouvons faire des activit\u00e9s avec eux et m\u00eame jouer aux jeux vid\u00e9o ! C&rsquo;est cool je me sens comme chez moi au Tremplin !<\/p>\n\t\t\t\t\t\t\t\t\t<h3>Z.<\/h3>\n\t\t\t\t\t\t\t\t\t\t<p>Being at the Living Room has made me a different person than I was when I first came here.When I came here, I was always aggressive, I had anger problems, I didn&rsquo;t know how to control myself. I started slow steps to get myself under control, and when it was the best time to use the tricks I was given. After a couple weeks, I started to regain what I was missing, and I was missing respect of myself.Thanks to the Living Room. I appreciate all you have done for me.<\/p>\n\t\t\t\t\t\t\t\t\t<h3>M.<\/h3>\n\t\t\t\t\t\t\t\t\t\t<p>Ce qu&rsquo;Espace Vivant m&rsquo;apport\u00e9, c&rsquo;est de me reprendre en main, de faire de quoi de nouveau de ma vie parce que je commen\u00e7ais \u00e0 aller pas mal bas. L&rsquo;exp\u00e9rience que j&rsquo;ai v\u00e9cue avec les intervenants, c&rsquo;\u00e9tait magique. J&rsquo;aurais aim\u00e9 rester plus longtemps, mais il y a aussi le suivi apr\u00e8s mon s\u00e9jour que j&rsquo;ai aim\u00e9. On peut aller voir les intervenants quand on veut, on peut aller pour se confier, parler des choses le fun ou avoir des accompagnements pour aller porter des CV. Merci beaucoup \u00e0 tout le monde.<\/p>\n\t\t\t\t\t\t\t\t\t<h3>J.<\/h3>\n\t<!-- \/.pp-testimonials -->\n<h2>\n\t\tOn parle de nous\n\t<\/h2>\n<h2>\n\t\tActivit\u00e9 \u00e0 venir\n\t<\/h2>\n\t\t<h3>Soutenez la Fondation<\/h3>\n\t\t<p>La Fondation Jeunesse Brome Missisquoi a besoin du soutien financier et de l&rsquo;implication de b\u00e9n\u00e9voles de la communaut\u00e9. Soutenez-nous afin que nous puissions continuer \u00e0 offrir aux jeunes un avenir meilleur et \u00e0 leur donner de l&rsquo;espoir.<\/p>\n<p>Les donateurs peuvent diriger leurs fonds vers des activit\u00e9s sp\u00e9cifiques de la Fondation.<\/p>\n\t\t\t<a href=\"https:\/\/hopespoir.ca\/fr\/don\/\" target=\"_self\">\n\t\t\t\t\t\tSoutenez la Fondation\n\t\t\t\t\t<\/a>\n\n","protected":false},"excerpt":{"rendered":"<p>La Fondation jeunesse Brome-Missisquoi La Fondation jeunesse Brome-Missisquoi offre trois Maisons de l&rsquo;Espoir (foyers de groupe) dans les Cantons de l&rsquo;Est pour les enfants \u00e0 risque \u00e2g\u00e9s de 6 \u00e0 17 ans. Ces maisons offrent des environnements bien supervis\u00e9s, structur\u00e9s, s\u00fbrs, calmes, encourageants et constructifs. Ils aident les enfants et les jeunes \u00e0 d\u00e9velopper leur&hellip;<\/p>\n","protected":false},"author":6,"featured_media":0,"parent":0,"menu_order":1,"comment_status":"closed","ping_status":"closed","template":"","meta":{"_acf_changed":false,"footnotes":""},"class_list":["post-65","page","type-page","status-publish","hentry"],"acf":[],"yoast_head":"<!-- This site is optimized with the Yoast SEO plugin v27.4 - https:\/\/yoast.com\/product\/yoast-seo-wordpress\/ -->\n<title>Fondation jeunesse Brome-Missisquoi HOPESPOIR<\/title>\n<meta name=\"description\" content=\"La Fondation Jeunesse Brome-Missisquoi offre un h\u00e9bergement et un accompagnement \u00e0 des enfants en situation familiale, sociale ou scolaire difficile.\" \/>\n<meta name=\"robots\" content=\"index, follow, max-snippet:-1, max-image-preview:large, max-video-preview:-1\" \/>\n<link rel=\"canonical\" href=\"https:\/\/hopespoir.ca\/fr\/\" \/>\n<meta property=\"og:locale\" content=\"fr_FR\" \/>\n<meta property=\"og:type\" content=\"article\" \/>\n<meta property=\"og:title\" content=\"Fondation jeunesse Brome-Missisquoi HOPESPOIR\" \/>\n<meta property=\"og:description\" content=\"La Fondation Jeunesse Brome-Missisquoi offre un h\u00e9bergement et un accompagnement \u00e0 des enfants en situation familiale, sociale ou scolaire difficile.\" \/>\n<meta property=\"og:url\" content=\"https:\/\/hopespoir.ca\/fr\/\" \/>\n<meta property=\"og:site_name\" content=\"Hopespoir\" \/>\n<meta property=\"article:modified_time\" content=\"2026-03-17T14:16:37+00:00\" \/>\n<meta property=\"og:image\" content=\"https:\/\/hopespoir.ca\/wp-content\/uploads\/2023\/12\/logo-BMYF-title-FR-2023.png\" \/>\n\t<meta property=\"og:image:width\" content=\"1146\" \/>\n\t<meta property=\"og:image:height\" content=\"557\" \/>\n\t<meta property=\"og:image:type\" content=\"image\/png\" \/>\n<meta name=\"twitter:card\" content=\"summary_large_image\" \/>\n<meta name=\"twitter:label1\" content=\"Dur\u00e9e de lecture estim\u00e9e\" \/>\n\t<meta name=\"twitter:data1\" content=\"5 minutes\" \/>\n<script type=\"application\/ld+json\" class=\"yoast-schema-graph\">{\"@context\":\"https:\\\/\\\/schema.org\",\"@graph\":[{\"@type\":\"WebPage\",\"@id\":\"https:\\\/\\\/hopespoir.ca\\\/fr\\\/\",\"url\":\"https:\\\/\\\/hopespoir.ca\\\/fr\\\/\",\"name\":\"Fondation jeunesse Brome-Missisquoi HOPESPOIR\",\"isPartOf\":{\"@id\":\"https:\\\/\\\/hopespoir.ca\\\/fr\\\/#website\"},\"primaryImageOfPage\":{\"@id\":\"https:\\\/\\\/hopespoir.ca\\\/fr\\\/#primaryimage\"},\"image\":{\"@id\":\"https:\\\/\\\/hopespoir.ca\\\/fr\\\/#primaryimage\"},\"thumbnailUrl\":\"https:\\\/\\\/hopespoir.ca\\\/wp-content\\\/uploads\\\/2023\\\/09\\\/espace-vivant-2.jpg\",\"datePublished\":\"2015-07-07T17:48:32+00:00\",\"dateModified\":\"2026-03-17T14:16:37+00:00\",\"description\":\"La Fondation Jeunesse Brome-Missisquoi offre un h\u00e9bergement et un accompagnement \u00e0 des enfants en situation familiale, sociale ou scolaire difficile.\",\"breadcrumb\":{\"@id\":\"https:\\\/\\\/hopespoir.ca\\\/fr\\\/#breadcrumb\"},\"inLanguage\":\"fr-FR\",\"potentialAction\":[{\"@type\":\"ReadAction\",\"target\":[\"https:\\\/\\\/hopespoir.ca\\\/fr\\\/\"]}]},{\"@type\":\"ImageObject\",\"inLanguage\":\"fr-FR\",\"@id\":\"https:\\\/\\\/hopespoir.ca\\\/fr\\\/#primaryimage\",\"url\":\"https:\\\/\\\/hopespoir.ca\\\/wp-content\\\/uploads\\\/2023\\\/09\\\/espace-vivant-2.jpg\",\"contentUrl\":\"https:\\\/\\\/hopespoir.ca\\\/wp-content\\\/uploads\\\/2023\\\/09\\\/espace-vivant-2.jpg\"},{\"@type\":\"BreadcrumbList\",\"@id\":\"https:\\\/\\\/hopespoir.ca\\\/fr\\\/#breadcrumb\",\"itemListElement\":[{\"@type\":\"ListItem\",\"position\":1,\"name\":\"Home\",\"item\":\"https:\\\/\\\/hopespoir.ca\\\/fr\\\/\"},{\"@type\":\"ListItem\",\"position\":2,\"name\":\"Accueil\"}]},{\"@type\":\"WebSite\",\"@id\":\"https:\\\/\\\/hopespoir.ca\\\/fr\\\/#website\",\"url\":\"https:\\\/\\\/hopespoir.ca\\\/fr\\\/\",\"name\":\"Hopespoir\",\"description\":\"HOPESPOIR : H\u00e9bergement et l\u2019encadrement pour adolescents \u00e0 Cowansville\",\"publisher\":{\"@id\":\"https:\\\/\\\/hopespoir.ca\\\/fr\\\/#organization\"},\"alternateName\":\"HOPESPOIR\",\"potentialAction\":[{\"@type\":\"SearchAction\",\"target\":{\"@type\":\"EntryPoint\",\"urlTemplate\":\"https:\\\/\\\/hopespoir.ca\\\/fr\\\/?s={search_term_string}\"},\"query-input\":{\"@type\":\"PropertyValueSpecification\",\"valueRequired\":true,\"valueName\":\"search_term_string\"}}],\"inLanguage\":\"fr-FR\"},{\"@type\":\"Organization\",\"@id\":\"https:\\\/\\\/hopespoir.ca\\\/fr\\\/#organization\",\"name\":\"Brome-Missisquoi Youth Fondation\",\"alternateName\":\"HOPESPOIR\",\"url\":\"https:\\\/\\\/hopespoir.ca\\\/fr\\\/\",\"logo\":{\"@type\":\"ImageObject\",\"inLanguage\":\"fr-FR\",\"@id\":\"https:\\\/\\\/hopespoir.ca\\\/fr\\\/#\\\/schema\\\/logo\\\/image\\\/\",\"url\":\"https:\\\/\\\/hopespoir.ca\\\/wp-content\\\/uploads\\\/2023\\\/09\\\/cropped-hope-espoir-image-de-site.png\",\"contentUrl\":\"https:\\\/\\\/hopespoir.ca\\\/wp-content\\\/uploads\\\/2023\\\/09\\\/cropped-hope-espoir-image-de-site.png\",\"width\":512,\"height\":512,\"caption\":\"Brome-Missisquoi Youth Fondation\"},\"image\":{\"@id\":\"https:\\\/\\\/hopespoir.ca\\\/fr\\\/#\\\/schema\\\/logo\\\/image\\\/\"}}]}<\/script>\n<!-- \/ Yoast SEO plugin. -->","yoast_head_json":{"title":"Fondation jeunesse Brome-Missisquoi HOPESPOIR","description":"La Fondation Jeunesse Brome-Missisquoi offre un h\u00e9bergement et un accompagnement \u00e0 des enfants en situation familiale, sociale ou scolaire difficile.","robots":{"index":"index","follow":"follow","max-snippet":"max-snippet:-1","max-image-preview":"max-image-preview:large","max-video-preview":"max-video-preview:-1"},"canonical":"https:\/\/hopespoir.ca\/fr\/","og_locale":"fr_FR","og_type":"article","og_title":"Fondation jeunesse Brome-Missisquoi HOPESPOIR","og_description":"La Fondation Jeunesse Brome-Missisquoi offre un h\u00e9bergement et un accompagnement \u00e0 des enfants en situation familiale, sociale ou scolaire difficile.","og_url":"https:\/\/hopespoir.ca\/fr\/","og_site_name":"Hopespoir","article_modified_time":"2026-03-17T14:16:37+00:00","og_image":[{"width":1146,"height":557,"url":"https:\/\/hopespoir.ca\/wp-content\/uploads\/2023\/12\/logo-BMYF-title-FR-2023.png","type":"image\/png"}],"twitter_card":"summary_large_image","twitter_misc":{"Dur\u00e9e de lecture estim\u00e9e":"5 minutes"},"schema":{"@context":"https:\/\/schema.org","@graph":[{"@type":"WebPage","@id":"https:\/\/hopespoir.ca\/fr\/","url":"https:\/\/hopespoir.ca\/fr\/","name":"Fondation jeunesse Brome-Missisquoi HOPESPOIR","isPartOf":{"@id":"https:\/\/hopespoir.ca\/fr\/#website"},"primaryImageOfPage":{"@id":"https:\/\/hopespoir.ca\/fr\/#primaryimage"},"image":{"@id":"https:\/\/hopespoir.ca\/fr\/#primaryimage"},"thumbnailUrl":"https:\/\/hopespoir.ca\/wp-content\/uploads\/2023\/09\/espace-vivant-2.jpg","datePublished":"2015-07-07T17:48:32+00:00","dateModified":"2026-03-17T14:16:37+00:00","description":"La Fondation Jeunesse Brome-Missisquoi offre un h\u00e9bergement et un accompagnement \u00e0 des enfants en situation familiale, sociale ou scolaire difficile.","breadcrumb":{"@id":"https:\/\/hopespoir.ca\/fr\/#breadcrumb"},"inLanguage":"fr-FR","potentialAction":[{"@type":"ReadAction","target":["https:\/\/hopespoir.ca\/fr\/"]}]},{"@type":"ImageObject","inLanguage":"fr-FR","@id":"https:\/\/hopespoir.ca\/fr\/#primaryimage","url":"https:\/\/hopespoir.ca\/wp-content\/uploads\/2023\/09\/espace-vivant-2.jpg","contentUrl":"https:\/\/hopespoir.ca\/wp-content\/uploads\/2023\/09\/espace-vivant-2.jpg"},{"@type":"BreadcrumbList","@id":"https:\/\/hopespoir.ca\/fr\/#breadcrumb","itemListElement":[{"@type":"ListItem","position":1,"name":"Home","item":"https:\/\/hopespoir.ca\/fr\/"},{"@type":"ListItem","position":2,"name":"Accueil"}]},{"@type":"WebSite","@id":"https:\/\/hopespoir.ca\/fr\/#website","url":"https:\/\/hopespoir.ca\/fr\/","name":"Hopespoir","description":"HOPESPOIR : H\u00e9bergement et l\u2019encadrement pour adolescents \u00e0 Cowansville","publisher":{"@id":"https:\/\/hopespoir.ca\/fr\/#organization"},"alternateName":"HOPESPOIR","potentialAction":[{"@type":"SearchAction","target":{"@type":"EntryPoint","urlTemplate":"https:\/\/hopespoir.ca\/fr\/?s={search_term_string}"},"query-input":{"@type":"PropertyValueSpecification","valueRequired":true,"valueName":"search_term_string"}}],"inLanguage":"fr-FR"},{"@type":"Organization","@id":"https:\/\/hopespoir.ca\/fr\/#organization","name":"Brome-Missisquoi Youth Fondation","alternateName":"HOPESPOIR","url":"https:\/\/hopespoir.ca\/fr\/","logo":{"@type":"ImageObject","inLanguage":"fr-FR","@id":"https:\/\/hopespoir.ca\/fr\/#\/schema\/logo\/image\/","url":"https:\/\/hopespoir.ca\/wp-content\/uploads\/2023\/09\/cropped-hope-espoir-image-de-site.png","contentUrl":"https:\/\/hopespoir.ca\/wp-content\/uploads\/2023\/09\/cropped-hope-espoir-image-de-site.png","width":512,"height":512,"caption":"Brome-Missisquoi Youth Fondation"},"image":{"@id":"https:\/\/hopespoir.ca\/fr\/#\/schema\/logo\/image\/"}}]}},"_links":{"self":[{"href":"https:\/\/hopespoir.ca\/fr\/wp-json\/wp\/v2\/pages\/65","targetHints":{"allow":["GET"]}}],"collection":[{"href":"https:\/\/hopespoir.ca\/fr\/wp-json\/wp\/v2\/pages"}],"about":[{"href":"https:\/\/hopespoir.ca\/fr\/wp-json\/wp\/v2\/types\/page"}],"author":[{"embeddable":true,"href":"https:\/\/hopespoir.ca\/fr\/wp-json\/wp\/v2\/users\/6"}],"replies":[{"embeddable":true,"href":"https:\/\/hopespoir.ca\/fr\/wp-json\/wp\/v2\/comments?post=65"}],"version-history":[{"count":82,"href":"https:\/\/hopespoir.ca\/fr\/wp-json\/wp\/v2\/pages\/65\/revisions"}],"predecessor-version":[{"id":1942,"href":"https:\/\/hopespoir.ca\/fr\/wp-json\/wp\/v2\/pages\/65\/revisions\/1942"}],"wp:attachment":[{"href":"https:\/\/hopespoir.ca\/fr\/wp-json\/wp\/v2\/media?parent=65"}],"curies":[{"name":"wp","href":"https:\/\/api.w.org\/{rel}","templated":true}]}}