{"id":27,"date":"2015-07-07T15:26:14","date_gmt":"2015-07-07T19:26:14","guid":{"rendered":"http:\/\/hopespoir.ca\/?page_id=27"},"modified":"2024-11-04T13:08:26","modified_gmt":"2024-11-04T18:08:26","slug":"don","status":"publish","type":"page","link":"https:\/\/hopespoir.ca\/fr\/don\/","title":{"rendered":"Don"},"content":{"rendered":"\n<h1>\n\t\tAidez-nous \u00e0 poursuivre notre mission !\n\t<\/h1>\n\t<p>Votre don permet de maintenir les jeunes \u00e0 risque dans un logement qui leur donne de l&rsquo;espoir.<\/p>\n<p>Les dons faits \u00e0 la Fondation Jeunesse Brome-Missisquoi, un organisme de bienfaisance enregistr\u00e9, servent principalement \u00e0 l&rsquo;entretien annuel des trois maisons de l&rsquo;espoir, y compris les taxes et les assurances.<\/p>\n<p>Ces co\u00fbts importants s&rsquo;\u00e9l\u00e8vent aujourd&rsquo;hui \u00e0 100 000 $ par ann\u00e9e, compte tenu de l&rsquo;\u00e2ge et de la nature des maisons.<\/p>\n<p>Les donateurs peuvent \u00e9galement affecter leurs dons au soutien des activit\u00e9s compl\u00e9mentaires des \u00e9tudiants et \u00e0 l&rsquo;enseignement sup\u00e9rieur.<\/p>\n<h4>\n\t\tFaites un don de votre temps\n\t<\/h4>\n\t<p>Int\u00e9ress\u00e9 par le b\u00e9n\u00e9volat au sein de la Fondation ? Contactez nous \u00e0 l&rsquo;adresse <strong><a href=\"mailto:info@hopespoir.ca\">info@hopespoir.ca<\/a>.<\/strong><\/p>\n<h4>\n\t\tFaire un don en ligne\n\t<\/h4>\n<h4>\n\t\tFaire un don par ch\u00e8que\n\t<\/h4>\n\t<p>Les dons par ch\u00e8que doivent \u00eatre faits \u00e0 l&rsquo;ordre de la <strong>Fondation des Jeunes de Brome-Missisquoi<\/strong> et post\u00e9s \u00e0 l&rsquo;adresse suivante :<\/p>\n<strong>Fondation Jeunesse Brome-Missisquoi<\/strong><br \/>\nC.P. 322<br \/>\n224 Rue Sud<br \/>\nCowansville, Qu\u00e9bec J2K 3S7\n\t<p>Organisme de bienfaisance enregistr\u00e9 : 869706333 RR 0001<\/p>\n<h4>\n\t\tFormulaire de don en ligne\n\t<\/h4>\n\t\t\t\t<h3>T\u00e9moignages de quelques-uns de nos r\u00e9sidents<\/h3>\n\t\t\t\t\t\t\t<p>Bonjour,Je me nomme J. et je tiens \u00e0 vous remercier de votre grande g\u00e9n\u00e9rosit\u00e9. Cela fera 4 ans que je vis \u00e0 la ressource interm\u00e9diaire le Tremplin et que j&rsquo;ai la chance d&rsquo;appr\u00e9cier ce que vous faites pour nous tous. Je trouve cela vraiment gentil de votre part. Certains de nous n&rsquo;avons pas la chance d&rsquo;avoir une famille pr\u00e9sente qui r\u00e9pond \u00e0 nos besoins et qui a ce genre d&rsquo;attention pour nous. Merci de remettre du soleil dans nos vies !!<\/p>\n\t\t\t\t\t\t\t\t\t<h4>J.<\/h4>\n\t\t\t\t\t\t\t<p>Je d\u00e9sire remercier Espace Vivant de m&rsquo;avoir offert son soutien lorsque j&rsquo;\u00e9tais dans le besoin. Lors de mon s\u00e9jour, j&rsquo;ai appris \u00e0 avoir confiance en moi et \u00e0 me d\u00e9couvrir. J&rsquo;ai aussi appris que l&rsquo;on pouvait avoir confiance en d&rsquo;autres gens que soi-m\u00eame. Aussi, de nombreux bons conseils m&rsquo;ont \u00e9t\u00e9 donn\u00e9s par les intervenants. Cela m&rsquo;a beaucoup aid\u00e9 par la suite \u00e0 grandement am\u00e9liorer mes relations avec l&rsquo;ensemble des membres de ma famille. De plus, j&rsquo;ai pu prendre compte de mon potentiel et \u00eatre encourag\u00e9 \u00e0 m&rsquo;en servir. J&rsquo;ai d&rsquo;ailleurs pu me trouver un emploi en \u00e9tant bien \u00e9paul\u00e9e et j&rsquo;ai chang\u00e9 mon mode de vie qui est devenu selon moi plus b\u00e9n\u00e9fique pour mon organisation et ma sant\u00e9. EVLR m&rsquo;a apport\u00e9 des solutions pour g\u00e9rer mon impulsivit\u00e9 et les intervenants ont toujours \u00e9t\u00e9 l\u00e0 pour moi lors des bons comme des mauvais moments, ce qui m&rsquo;a apport\u00e9 d&rsquo;agr\u00e9able sentiment de bien-\u00eatre et de s\u00e9curit\u00e9. Mes remerciements les plus sinc\u00e8res,<\/p>\n\t\t\t\t\t\t\t\t\t<h4>H.<\/h4>\n\t\t\t\t\t\t\t<p>Mon s\u00e9jour \u00e0 l&rsquo;espace vivant m&rsquo;a beaucoup aid\u00e9 et m&rsquo;a permis de comprendre mieux certaines choses. \u00c0 part faire des d\u00e9marches pour travailler sur moi et d&rsquo;apprendre \u00e0 mieux me conna\u00eetre, les intervenants nous organisent des activit\u00e9s de groupe. J&rsquo;ai fait du kayak, je suis all\u00e9 au cin\u00e9ma, j&rsquo;ai mang\u00e9 une cr\u00e8me glac\u00e9e et j&rsquo;ai mont\u00e9 une montagne. \u00catre ici m&rsquo;a donn\u00e9 un bon repos de la maison, j&rsquo;ai fait de nouvelles rencontres avec d&rsquo;autres jeunes, j&rsquo;ai une tr\u00e8s bonne communication avec tous les intervenants, j&rsquo;ai m\u00eame eu un intervenant qui travaillait avec moi, c&rsquo;\u00e9tait Gabriel. J&rsquo;ai de bons liens avec presque tous les intervenants, et \u00e0 n&rsquo;importe quel moment que ce soit le jour ou la nuit si \u00e7a ne va pas il y a toujours un intervenant avec qui tu peux parler.<br \/>Je n&rsquo;oublierais jamais mon v\u00e9cu ici, j&rsquo;ai beaucoup appris et je remercie tout le monde pour leur temps, leur aide, leur \u00e9coute et de m&rsquo;avoir donn\u00e9 confiance en moi ce que je n&rsquo;avais pas au d\u00e9part.\u00a0Merci xxx<\/p>\n\t\t\t\t\t\t\t\t\t<h4>C.<\/h4>\n\t\t\t\t\t\t\t<p>\u00c0 qui de droit,Je tiens sinc\u00e8rement \u00e0 remercier la fondation de m&rsquo;avoir accord\u00e9 une bourse d&rsquo;un montant de 500$ pour m&rsquo;aider \u00e0 payer mes \u00e9tudes. \u00c0 la fin de mon cours, j&rsquo;ai obtenu un emploi \u00e0 l&rsquo;h\u00f4pital \u00e0 Granby. Merci infiniment pour cette aide financi\u00e8re bien appr\u00e9ci\u00e9e. Merci !<\/p>\n\t<!-- \/.pp-testimonials -->\n\n","protected":false},"excerpt":{"rendered":"<p>Aidez-nous \u00e0 poursuivre notre mission ! Votre don permet de maintenir les jeunes \u00e0 risque dans un logement qui leur donne de l&rsquo;espoir. Les dons faits \u00e0 la Fondation Jeunesse Brome-Missisquoi, un organisme de bienfaisance enregistr\u00e9, servent principalement \u00e0 l&rsquo;entretien annuel des trois maisons de l&rsquo;espoir, y compris les taxes et les assurances. Ces co\u00fbts&hellip;<\/p>\n","protected":false},"author":6,"featured_media":0,"parent":0,"menu_order":90,"comment_status":"closed","ping_status":"closed","template":"","meta":{"_acf_changed":false,"footnotes":""},"class_list":["post-27","page","type-page","status-publish","hentry"],"acf":[],"yoast_head":"<!-- This site is optimized with the Yoast SEO plugin v27.4 - https:\/\/yoast.com\/product\/yoast-seo-wordpress\/ -->\n<title>Un don permet d\u2019offrir un logement et de l&#039;espoir \u00e0 jeunes \u00e0 risque<\/title>\n<meta name=\"description\" content=\"Les dons faits \u00e0 la Fondation, une organisation caritative enregistr\u00e9e, sont utilis\u00e9s pour l&#039;entretien annuel des trois maisons de l&#039;espoir.\" \/>\n<meta name=\"robots\" content=\"index, follow, max-snippet:-1, max-image-preview:large, max-video-preview:-1\" \/>\n<link rel=\"canonical\" href=\"https:\/\/hopespoir.ca\/fr\/don\/\" \/>\n<meta property=\"og:locale\" content=\"fr_FR\" \/>\n<meta property=\"og:type\" content=\"article\" \/>\n<meta property=\"og:title\" content=\"Un don permet d\u2019offrir un logement et de l&#039;espoir \u00e0 jeunes \u00e0 risque\" \/>\n<meta property=\"og:description\" content=\"Les dons faits \u00e0 la Fondation, une organisation caritative enregistr\u00e9e, sont utilis\u00e9s pour l&#039;entretien annuel des trois maisons de l&#039;espoir.\" \/>\n<meta property=\"og:url\" content=\"https:\/\/hopespoir.ca\/fr\/don\/\" \/>\n<meta property=\"og:site_name\" content=\"Hopespoir\" \/>\n<meta property=\"article:modified_time\" content=\"2024-11-04T18:08:26+00:00\" \/>\n<meta property=\"og:image\" content=\"https:\/\/hopespoir.ca\/wp-content\/uploads\/2023\/12\/logo-BMYF-title-FR-2023.png\" \/>\n\t<meta property=\"og:image:width\" content=\"1146\" \/>\n\t<meta property=\"og:image:height\" content=\"557\" \/>\n\t<meta property=\"og:image:type\" content=\"image\/png\" \/>\n<meta name=\"twitter:card\" content=\"summary_large_image\" \/>\n<meta name=\"twitter:label1\" content=\"Dur\u00e9e de lecture estim\u00e9e\" \/>\n\t<meta name=\"twitter:data1\" content=\"3 minutes\" \/>\n<script type=\"application\/ld+json\" class=\"yoast-schema-graph\">{\"@context\":\"https:\\\/\\\/schema.org\",\"@graph\":[{\"@type\":\"WebPage\",\"@id\":\"https:\\\/\\\/hopespoir.ca\\\/fr\\\/don\\\/\",\"url\":\"https:\\\/\\\/hopespoir.ca\\\/fr\\\/don\\\/\",\"name\":\"Un don permet d\u2019offrir un logement et de l'espoir \u00e0 jeunes \u00e0 risque\",\"isPartOf\":{\"@id\":\"https:\\\/\\\/hopespoir.ca\\\/fr\\\/#website\"},\"datePublished\":\"2015-07-07T19:26:14+00:00\",\"dateModified\":\"2024-11-04T18:08:26+00:00\",\"description\":\"Les dons faits \u00e0 la Fondation, une organisation caritative enregistr\u00e9e, sont utilis\u00e9s pour l'entretien annuel des trois maisons de l'espoir.\",\"breadcrumb\":{\"@id\":\"https:\\\/\\\/hopespoir.ca\\\/fr\\\/don\\\/#breadcrumb\"},\"inLanguage\":\"fr-FR\",\"potentialAction\":[{\"@type\":\"ReadAction\",\"target\":[\"https:\\\/\\\/hopespoir.ca\\\/fr\\\/don\\\/\"]}]},{\"@type\":\"BreadcrumbList\",\"@id\":\"https:\\\/\\\/hopespoir.ca\\\/fr\\\/don\\\/#breadcrumb\",\"itemListElement\":[{\"@type\":\"ListItem\",\"position\":1,\"name\":\"Home\",\"item\":\"https:\\\/\\\/hopespoir.ca\\\/fr\\\/\"},{\"@type\":\"ListItem\",\"position\":2,\"name\":\"Don\"}]},{\"@type\":\"WebSite\",\"@id\":\"https:\\\/\\\/hopespoir.ca\\\/fr\\\/#website\",\"url\":\"https:\\\/\\\/hopespoir.ca\\\/fr\\\/\",\"name\":\"Hopespoir\",\"description\":\"HOPESPOIR : H\u00e9bergement et l\u2019encadrement pour adolescents \u00e0 Cowansville\",\"publisher\":{\"@id\":\"https:\\\/\\\/hopespoir.ca\\\/fr\\\/#organization\"},\"alternateName\":\"HOPESPOIR\",\"potentialAction\":[{\"@type\":\"SearchAction\",\"target\":{\"@type\":\"EntryPoint\",\"urlTemplate\":\"https:\\\/\\\/hopespoir.ca\\\/fr\\\/?s={search_term_string}\"},\"query-input\":{\"@type\":\"PropertyValueSpecification\",\"valueRequired\":true,\"valueName\":\"search_term_string\"}}],\"inLanguage\":\"fr-FR\"},{\"@type\":\"Organization\",\"@id\":\"https:\\\/\\\/hopespoir.ca\\\/fr\\\/#organization\",\"name\":\"Brome-Missisquoi Youth Fondation\",\"alternateName\":\"HOPESPOIR\",\"url\":\"https:\\\/\\\/hopespoir.ca\\\/fr\\\/\",\"logo\":{\"@type\":\"ImageObject\",\"inLanguage\":\"fr-FR\",\"@id\":\"https:\\\/\\\/hopespoir.ca\\\/fr\\\/#\\\/schema\\\/logo\\\/image\\\/\",\"url\":\"https:\\\/\\\/hopespoir.ca\\\/wp-content\\\/uploads\\\/2023\\\/09\\\/cropped-hope-espoir-image-de-site.png\",\"contentUrl\":\"https:\\\/\\\/hopespoir.ca\\\/wp-content\\\/uploads\\\/2023\\\/09\\\/cropped-hope-espoir-image-de-site.png\",\"width\":512,\"height\":512,\"caption\":\"Brome-Missisquoi Youth Fondation\"},\"image\":{\"@id\":\"https:\\\/\\\/hopespoir.ca\\\/fr\\\/#\\\/schema\\\/logo\\\/image\\\/\"}}]}<\/script>\n<!-- \/ Yoast SEO plugin. -->","yoast_head_json":{"title":"Un don permet d\u2019offrir un logement et de l'espoir \u00e0 jeunes \u00e0 risque","description":"Les dons faits \u00e0 la Fondation, une organisation caritative enregistr\u00e9e, sont utilis\u00e9s pour l'entretien annuel des trois maisons de l'espoir.","robots":{"index":"index","follow":"follow","max-snippet":"max-snippet:-1","max-image-preview":"max-image-preview:large","max-video-preview":"max-video-preview:-1"},"canonical":"https:\/\/hopespoir.ca\/fr\/don\/","og_locale":"fr_FR","og_type":"article","og_title":"Un don permet d\u2019offrir un logement et de l'espoir \u00e0 jeunes \u00e0 risque","og_description":"Les dons faits \u00e0 la Fondation, une organisation caritative enregistr\u00e9e, sont utilis\u00e9s pour l'entretien annuel des trois maisons de l'espoir.","og_url":"https:\/\/hopespoir.ca\/fr\/don\/","og_site_name":"Hopespoir","article_modified_time":"2024-11-04T18:08:26+00:00","og_image":[{"width":1146,"height":557,"url":"https:\/\/hopespoir.ca\/wp-content\/uploads\/2023\/12\/logo-BMYF-title-FR-2023.png","type":"image\/png"}],"twitter_card":"summary_large_image","twitter_misc":{"Dur\u00e9e de lecture estim\u00e9e":"3 minutes"},"schema":{"@context":"https:\/\/schema.org","@graph":[{"@type":"WebPage","@id":"https:\/\/hopespoir.ca\/fr\/don\/","url":"https:\/\/hopespoir.ca\/fr\/don\/","name":"Un don permet d\u2019offrir un logement et de l'espoir \u00e0 jeunes \u00e0 risque","isPartOf":{"@id":"https:\/\/hopespoir.ca\/fr\/#website"},"datePublished":"2015-07-07T19:26:14+00:00","dateModified":"2024-11-04T18:08:26+00:00","description":"Les dons faits \u00e0 la Fondation, une organisation caritative enregistr\u00e9e, sont utilis\u00e9s pour l'entretien annuel des trois maisons de l'espoir.","breadcrumb":{"@id":"https:\/\/hopespoir.ca\/fr\/don\/#breadcrumb"},"inLanguage":"fr-FR","potentialAction":[{"@type":"ReadAction","target":["https:\/\/hopespoir.ca\/fr\/don\/"]}]},{"@type":"BreadcrumbList","@id":"https:\/\/hopespoir.ca\/fr\/don\/#breadcrumb","itemListElement":[{"@type":"ListItem","position":1,"name":"Home","item":"https:\/\/hopespoir.ca\/fr\/"},{"@type":"ListItem","position":2,"name":"Don"}]},{"@type":"WebSite","@id":"https:\/\/hopespoir.ca\/fr\/#website","url":"https:\/\/hopespoir.ca\/fr\/","name":"Hopespoir","description":"HOPESPOIR : H\u00e9bergement et l\u2019encadrement pour adolescents \u00e0 Cowansville","publisher":{"@id":"https:\/\/hopespoir.ca\/fr\/#organization"},"alternateName":"HOPESPOIR","potentialAction":[{"@type":"SearchAction","target":{"@type":"EntryPoint","urlTemplate":"https:\/\/hopespoir.ca\/fr\/?s={search_term_string}"},"query-input":{"@type":"PropertyValueSpecification","valueRequired":true,"valueName":"search_term_string"}}],"inLanguage":"fr-FR"},{"@type":"Organization","@id":"https:\/\/hopespoir.ca\/fr\/#organization","name":"Brome-Missisquoi Youth Fondation","alternateName":"HOPESPOIR","url":"https:\/\/hopespoir.ca\/fr\/","logo":{"@type":"ImageObject","inLanguage":"fr-FR","@id":"https:\/\/hopespoir.ca\/fr\/#\/schema\/logo\/image\/","url":"https:\/\/hopespoir.ca\/wp-content\/uploads\/2023\/09\/cropped-hope-espoir-image-de-site.png","contentUrl":"https:\/\/hopespoir.ca\/wp-content\/uploads\/2023\/09\/cropped-hope-espoir-image-de-site.png","width":512,"height":512,"caption":"Brome-Missisquoi Youth Fondation"},"image":{"@id":"https:\/\/hopespoir.ca\/fr\/#\/schema\/logo\/image\/"}}]}},"_links":{"self":[{"href":"https:\/\/hopespoir.ca\/fr\/wp-json\/wp\/v2\/pages\/27","targetHints":{"allow":["GET"]}}],"collection":[{"href":"https:\/\/hopespoir.ca\/fr\/wp-json\/wp\/v2\/pages"}],"about":[{"href":"https:\/\/hopespoir.ca\/fr\/wp-json\/wp\/v2\/types\/page"}],"author":[{"embeddable":true,"href":"https:\/\/hopespoir.ca\/fr\/wp-json\/wp\/v2\/users\/6"}],"replies":[{"embeddable":true,"href":"https:\/\/hopespoir.ca\/fr\/wp-json\/wp\/v2\/comments?post=27"}],"version-history":[{"count":20,"href":"https:\/\/hopespoir.ca\/fr\/wp-json\/wp\/v2\/pages\/27\/revisions"}],"predecessor-version":[{"id":1846,"href":"https:\/\/hopespoir.ca\/fr\/wp-json\/wp\/v2\/pages\/27\/revisions\/1846"}],"wp:attachment":[{"href":"https:\/\/hopespoir.ca\/fr\/wp-json\/wp\/v2\/media?parent=27"}],"curies":[{"name":"wp","href":"https:\/\/api.w.org\/{rel}","templated":true}]}}