{"id":1404,"date":"2023-11-14T15:45:42","date_gmt":"2023-11-14T20:45:42","guid":{"rendered":"http:\/\/hopespoir.ca\/politique-de-confidentialite\/"},"modified":"2023-12-05T15:37:24","modified_gmt":"2023-12-05T20:37:24","slug":"politique-de-confidentialite","status":"publish","type":"page","link":"https:\/\/hopespoir.ca\/fr\/politique-de-confidentialite\/","title":{"rendered":"Politique de confidentialit\u00e9"},"content":{"rendered":"\n<p>La confiance que vous accordez \u00e0 la Fondation Jeunesse Brome-Missisquoi nous est pr\u00e9cieuse. C&rsquo;est pourquoi nous nous faisons un devoir d&rsquo;agir avec int\u00e9grit\u00e9 et transparence, y compris dans la fa\u00e7on dont nous traitons vos renseignements personnels.<\/p>\n\n<p>Conform\u00e9ment au droit applicable, vous trouverez dans la politique ci-dessous des informations relatives aux diff\u00e9rents contextes dans lesquels la Fondation peut collecter, utiliser ou divulguer vos informations personnelles ainsi que les droits que vous pouvez exercer \u00e0 leur \u00e9gard. Sachez que dans tous les cas, la protection des informations que vous nous confiez reste une priorit\u00e9 absolue.<\/p>\n\n<p>N&rsquo;h\u00e9sitez pas \u00e0 nous contacter si, apr\u00e8s avoir lu notre politique de confidentialit\u00e9, certaines de vos questions restent sans r\u00e9ponse. Nous nous ferons un plaisir d&rsquo;y r\u00e9pondre.<\/p>\n\n<h2 class=\"wp-block-heading\">Qui sommes-nous ?<\/h2>\n\n<p><strong>Fondation Jeunesse Brome-Missisquoi <\/strong> (la <strong>Fondation<\/strong>) est un organisme de bienfaisance enregistr\u00e9 qui poss\u00e8de et entretient trois r\u00e9sidences pour jeunes \u00e0 risque \u00e0 Cowansville, au Qu\u00e9bec.<\/p>\n\n<h2 class=\"wp-block-heading\">D\u00e9claration de politique de consentement<\/h2>\n\n<p>En fournissant des informations personnelles \u00e0 la Fondation, y compris \u00e0 son conseil d&rsquo;administration et \u00e0 ses b\u00e9n\u00e9voles, vous consentez \u00e0 ce que la Fondation recueille, utilise et divulgue ces informations conform\u00e9ment \u00e0 la l\u00e9gislation applicable, y compris dans le but de mener \u00e0 bien sa mission et ses activit\u00e9s philanthropiques.<\/p>\n\n<h2 class=\"wp-block-heading\">Quelles sont les informations que nous recueillons ?<\/h2>\n\n<p>Lorsque vous faites un don \u00e0 notre organisation ou lorsque vous achetez un article ou un billet pour l&rsquo;un de nos \u00e9v\u00e9nements de collecte de fonds, nous recueillons et conservons g\u00e9n\u00e9ralement certaines de vos informations personnelles, notamment votre nom, votre adresse postale, votre adresse \u00e9lectronique, votre num\u00e9ro de t\u00e9l\u00e9phone, le montant de votre don et\/ou votre participation \u00e0 nos activit\u00e9s de collecte de fonds ou \u00e0 nos \u00e9v\u00e9nements.<\/p>\n\n<h2 class=\"wp-block-heading\">Personnes aupr\u00e8s desquelles la Fondation recueille des informations personnelles<\/h2>\n\n<p>La Fondation recueille vos donn\u00e9es personnelles principalement aupr\u00e8s de vous.<\/p>\n\n<p>Nous pouvons \u00e9galement recueillir vos informations personnelles aupr\u00e8s d&rsquo;autres personnes.  Par exemple, la Fondation peut recueillir des informations personnelles vous concernant aupr\u00e8s d&rsquo;une personne qui organise un \u00e9v\u00e9nement pour la Fondation auquel vous avez choisi de participer.<\/p>\n\n<h2 class=\"wp-block-heading\">Pourquoi la Fondation recueille-t-elle vos donn\u00e9es personnelles ?<\/h2>\n\n<p>La Fondation recueille des informations personnelles non seulement \u00e0 des fins l\u00e9gales et r\u00e9glementaires, mais aussi pour mener \u00e0 bien sa mission et ses activit\u00e9s philanthropiques.<\/p>\n\n<h2 class=\"wp-block-heading\">Avec qui la Fondation partage-t-elle vos donn\u00e9es personnelles ?<\/h2>\n\n<p>La Fondation peut divulguer vos informations personnelles aux membres de son conseil d&rsquo;administration et aux b\u00e9n\u00e9voles qui peuvent \u00eatre appel\u00e9s \u00e0 solliciter des contributions financi\u00e8res et \u00e0 planifier et organiser des activit\u00e9s et des \u00e9v\u00e9nements de collecte de fonds. Des informations personnelles peuvent \u00e9galement \u00eatre partag\u00e9es avec eux dans le cadre de la planification d&rsquo;\u00e9v\u00e9nements ou de la reconnaissance.<\/p>\n\n<p>Les fournisseurs de services informatiques qui h\u00e9bergent le site web de la Fondation peuvent avoir acc\u00e8s \u00e0 certaines informations personnelles comme d\u00e9crit.<\/p>\n\n<p>Les autorit\u00e9s gouvernementales et les organismes charg\u00e9s de l&rsquo;application de la loi, lorsque cela est requis par la l\u00e9gislation applicable, par une d\u00e9cision de justice ou dans le cadre de la pr\u00e9vention de la fraude.<\/p>\n\n<p>Dans tous les cas, la Fondation limite les informations personnelles qu&rsquo;elle communique \u00e0 des tiers \u00e0 ce qui est raisonnablement n\u00e9cessaire. La Fondation veille \u00e9galement \u00e0 ce que les informations partag\u00e9es soient prot\u00e9g\u00e9es de mani\u00e8re ad\u00e9quate.<\/p>\n\n<h2 class=\"wp-block-heading\">O\u00f9 la Fondation stocke-t-elle vos donn\u00e9es personnelles ?<\/h2>\n\n<p>Les informations personnelles d\u00e9tenues par la Fondation sont stock\u00e9es de diff\u00e9rentes mani\u00e8res. Certaines informations personnelles sont stock\u00e9es physiquement ou \u00e9lectroniquement dans les dossiers de la Fondation et aupr\u00e8s de son conseil d&rsquo;administration.<\/p>\n\n<h2 class=\"wp-block-heading\">Liens vers d&rsquo;autres sites web<\/h2>\n\n<p>De temps \u00e0 autre, notre site Web peut contenir des hyperliens vers d&rsquo;autres sites, par exemple CanaDon. Les informations \u00e9chang\u00e9es sur ces sites ne sont pas soumises \u00e0 la pr\u00e9sente politique de confidentialit\u00e9, mais \u00e0 celles des sites externes concern\u00e9s, le cas \u00e9ch\u00e9ant.  Dans ce cas, nous vous invitons \u00e0 consulter la politique de confidentialit\u00e9 fournie sur leur site web avant de divulguer vos informations personnelles.<\/p>\n\n<h2 class=\"wp-block-heading\">Comment la Fondation prot\u00e8ge-t-elle vos donn\u00e9es personnelles ?<\/h2>\n\n<p>La Fondation prend des mesures physiques, administratives et technologiques pour prot\u00e9ger les informations personnelles qu&rsquo;elle d\u00e9tient, y compris les mesures suivantes :<\/p>\n\n<ul class=\"wp-block-list\">\n<li>Limiter l&rsquo;acc\u00e8s et l&rsquo;utilisation de vos donn\u00e9es personnelles<\/li>\n\n\n\n<li>Prot\u00e9ger les installations et les syst\u00e8mes informatiques de la Fondation<\/li>\n\n\n\n<li>Communiquer avec vous en toute s\u00e9curit\u00e9<\/li>\n<\/ul>\n\n<p>En cas de violation de la confidentialit\u00e9 affectant vos informations personnelles et pr\u00e9sentant un risque de vous causer un pr\u00e9judice grave, la Fondation vous en informera dans les plus brefs d\u00e9lais, conform\u00e9ment \u00e0 la loi applicable. Dans tous les cas, la Fondation prendra des mesures raisonnables pour r\u00e9duire le risque pour vous et pour pr\u00e9venir des incidents similaires \u00e0 l&rsquo;avenir.<\/p>\n\n<h2 class=\"wp-block-heading\">Combien de temps la Fondation conserve-t-elle vos donn\u00e9es personnelles ?<\/h2>\n\n<p>La Fondation ne conserve vos informations personnelles que pendant la dur\u00e9e n\u00e9cessaire \u00e0 la r\u00e9alisation des objectifs pour lesquels elles ont \u00e9t\u00e9 collect\u00e9es.<\/p>\n\n<h2 class=\"wp-block-heading\">Vos droits concernant vos donn\u00e9es personnelles<\/h2>\n\n<p>Vous pouvez demander \u00e0 la Fondation si elle d\u00e9tient des informations personnelles vous concernant, et vous pouvez demander l&rsquo;acc\u00e8s \u00e0 ces informations et une copie de celles-ci.<\/p>\n\n<p>Vous pouvez demander \u00e0 la Fondation de corriger toute information personnelle vous concernant qui est inexacte, incompl\u00e8te ou ambigu\u00eb.<\/p>\n\n<p>Vous pouvez retirer votre consentement \u00e0 l&rsquo;un des \u00e9l\u00e9ments suivants :<\/p>\n\n<ul class=\"wp-block-list\">\n<li>Recevoir des nouvelles ou des informations sur la Fondation<\/li>\n\n\n\n<li>Recevoir des invitations \u00e0 des \u00e9v\u00e9nements organis\u00e9s par la Fondation<\/li>\n\n\n\n<li>\u00catre sollicit\u00e9 pour apporter une contribution financi\u00e8re \u00e0 la Fondation<\/li>\n\n\n\n<li>\u00catre reconnu pour son engagement ou sa contribution \u00e0 la Fondation<\/li>\n<\/ul>\n\n<p>Vous pouvez demander \u00e0 la Fondation de cesser de communiquer avec vous par l&rsquo;une des m\u00e9thodes suivantes :<\/p>\n\n<ul class=\"wp-block-list\">\n<li>T\u00e9l\u00e9phone:\u00a0 450-263-1505<\/li>\n\n\n\n<li>Poste:\u00a0 \u00a0\u00a0\u00a0\u00a0C.P. 322, 224 rue Sud, Cowansville, Quebec\u00a0 J2K 2S7<\/li>\n\n\n\n<li>Courriel: \u00a0\u00a0\u00a0<a href=\"mailto:info@hopespoir.ca\">info@hopespoir.ca<\/a><\/li>\n\n\n\n<li>Ou le lien \u00ab\u00a0se d\u00e9sinscrire\u00a0\u00bb au bas de nos courriels de collecte de fonds.<\/li>\n<\/ul>\n\n<h2 class=\"wp-block-heading\">Comment contacter la Fondation au sujet de la gestion de vos donn\u00e9es personnelles ?<\/h2>\n\n<p>Si vous avez des questions ou des pr\u00e9occupations concernant le traitement ou la mise \u00e0 jour de vos informations personnelles, veuillez nous contacter par courrier \u00e9lectronique \u00e0 l&rsquo;adresse <a href=\"mailto:privacy@hopespoir.ca\">privacy@hopespoir.ca<\/a> or by telephone at 1 450 263-1505.<\/p>\n\n<p>Le responsable de la protection de la vie priv\u00e9e ou son d\u00e9l\u00e9gu\u00e9 vous contactera dans les 30 jours suivant la r\u00e9ception de votre courriel.<\/p>\n\n<p>Derni\u00e8re mise \u00e0 jour le 5 d\u00e9cembre 2023<\/p>\n","protected":false},"excerpt":{"rendered":"<p>La confiance que vous accordez \u00e0 la Fondation Jeunesse Brome-Missisquoi nous est pr\u00e9cieuse. C&rsquo;est pourquoi nous nous faisons un devoir d&rsquo;agir avec int\u00e9grit\u00e9 et transparence, y compris dans la fa\u00e7on dont nous traitons vos renseignements personnels. Conform\u00e9ment au droit applicable, vous trouverez dans la politique ci-dessous des informations relatives aux diff\u00e9rents contextes dans lesquels la&hellip;<\/p>\n","protected":false},"author":6,"featured_media":0,"parent":0,"menu_order":0,"comment_status":"closed","ping_status":"closed","template":"","meta":{"_acf_changed":false,"footnotes":""},"class_list":["post-1404","page","type-page","status-publish","hentry"],"acf":[],"yoast_head":"<!-- This site is optimized with the Yoast SEO plugin v27.3 - https:\/\/yoast.com\/product\/yoast-seo-wordpress\/ -->\n<title>Politique de confidentialit\u00e9 - Hopespoir<\/title>\n<meta name=\"robots\" content=\"index, follow, max-snippet:-1, max-image-preview:large, max-video-preview:-1\" \/>\n<link rel=\"canonical\" href=\"https:\/\/hopespoir.ca\/fr\/politique-de-confidentialite\/\" \/>\n<meta property=\"og:locale\" content=\"fr_FR\" \/>\n<meta property=\"og:type\" content=\"article\" \/>\n<meta property=\"og:title\" content=\"Politique de confidentialit\u00e9 - Hopespoir\" \/>\n<meta property=\"og:description\" content=\"La confiance que vous accordez \u00e0 la Fondation Jeunesse Brome-Missisquoi nous est pr\u00e9cieuse. C&rsquo;est pourquoi nous nous faisons un devoir d&rsquo;agir avec int\u00e9grit\u00e9 et transparence, y compris dans la fa\u00e7on dont nous traitons vos renseignements personnels. Conform\u00e9ment au droit applicable, vous trouverez dans la politique ci-dessous des informations relatives aux diff\u00e9rents contextes dans lesquels la&hellip;\" \/>\n<meta property=\"og:url\" content=\"https:\/\/hopespoir.ca\/fr\/politique-de-confidentialite\/\" \/>\n<meta property=\"og:site_name\" content=\"Hopespoir\" \/>\n<meta property=\"article:modified_time\" content=\"2023-12-05T20:37:24+00:00\" \/>\n<meta property=\"og:image\" content=\"https:\/\/hopespoir.ca\/wp-content\/uploads\/2023\/11\/logo-BMYF-title-2023.png\" \/>\n\t<meta property=\"og:image:width\" content=\"1200\" \/>\n\t<meta property=\"og:image:height\" content=\"675\" \/>\n\t<meta property=\"og:image:type\" content=\"image\/png\" \/>\n<meta name=\"twitter:card\" content=\"summary_large_image\" \/>\n<meta name=\"twitter:label1\" content=\"Dur\u00e9e de lecture estim\u00e9e\" \/>\n\t<meta name=\"twitter:data1\" content=\"5 minutes\" \/>\n<script type=\"application\/ld+json\" class=\"yoast-schema-graph\">{\"@context\":\"https:\\\/\\\/schema.org\",\"@graph\":[{\"@type\":\"WebPage\",\"@id\":\"https:\\\/\\\/hopespoir.ca\\\/fr\\\/politique-de-confidentialite\\\/\",\"url\":\"https:\\\/\\\/hopespoir.ca\\\/fr\\\/politique-de-confidentialite\\\/\",\"name\":\"Politique de confidentialit\u00e9 - Hopespoir\",\"isPartOf\":{\"@id\":\"https:\\\/\\\/hopespoir.ca\\\/fr\\\/#website\"},\"datePublished\":\"2023-11-14T20:45:42+00:00\",\"dateModified\":\"2023-12-05T20:37:24+00:00\",\"breadcrumb\":{\"@id\":\"https:\\\/\\\/hopespoir.ca\\\/fr\\\/politique-de-confidentialite\\\/#breadcrumb\"},\"inLanguage\":\"fr-FR\",\"potentialAction\":[{\"@type\":\"ReadAction\",\"target\":[\"https:\\\/\\\/hopespoir.ca\\\/fr\\\/politique-de-confidentialite\\\/\"]}]},{\"@type\":\"BreadcrumbList\",\"@id\":\"https:\\\/\\\/hopespoir.ca\\\/fr\\\/politique-de-confidentialite\\\/#breadcrumb\",\"itemListElement\":[{\"@type\":\"ListItem\",\"position\":1,\"name\":\"Home\",\"item\":\"https:\\\/\\\/hopespoir.ca\\\/fr\\\/\"},{\"@type\":\"ListItem\",\"position\":2,\"name\":\"Politique de confidentialit\u00e9\"}]},{\"@type\":\"WebSite\",\"@id\":\"https:\\\/\\\/hopespoir.ca\\\/fr\\\/#website\",\"url\":\"https:\\\/\\\/hopespoir.ca\\\/fr\\\/\",\"name\":\"Hopespoir\",\"description\":\"HOPESPOIR : H\u00e9bergement et l\u2019encadrement pour adolescents \u00e0 Cowansville\",\"publisher\":{\"@id\":\"https:\\\/\\\/hopespoir.ca\\\/fr\\\/#organization\"},\"alternateName\":\"HOPESPOIR\",\"potentialAction\":[{\"@type\":\"SearchAction\",\"target\":{\"@type\":\"EntryPoint\",\"urlTemplate\":\"https:\\\/\\\/hopespoir.ca\\\/fr\\\/?s={search_term_string}\"},\"query-input\":{\"@type\":\"PropertyValueSpecification\",\"valueRequired\":true,\"valueName\":\"search_term_string\"}}],\"inLanguage\":\"fr-FR\"},{\"@type\":\"Organization\",\"@id\":\"https:\\\/\\\/hopespoir.ca\\\/fr\\\/#organization\",\"name\":\"Brome-Missisquoi Youth Fondation\",\"alternateName\":\"HOPESPOIR\",\"url\":\"https:\\\/\\\/hopespoir.ca\\\/fr\\\/\",\"logo\":{\"@type\":\"ImageObject\",\"inLanguage\":\"fr-FR\",\"@id\":\"https:\\\/\\\/hopespoir.ca\\\/fr\\\/#\\\/schema\\\/logo\\\/image\\\/\",\"url\":\"https:\\\/\\\/hopespoir.ca\\\/wp-content\\\/uploads\\\/2023\\\/09\\\/cropped-hope-espoir-image-de-site.png\",\"contentUrl\":\"https:\\\/\\\/hopespoir.ca\\\/wp-content\\\/uploads\\\/2023\\\/09\\\/cropped-hope-espoir-image-de-site.png\",\"width\":512,\"height\":512,\"caption\":\"Brome-Missisquoi Youth Fondation\"},\"image\":{\"@id\":\"https:\\\/\\\/hopespoir.ca\\\/fr\\\/#\\\/schema\\\/logo\\\/image\\\/\"}}]}<\/script>\n<!-- \/ Yoast SEO plugin. -->","yoast_head_json":{"title":"Politique de confidentialit\u00e9 - Hopespoir","robots":{"index":"index","follow":"follow","max-snippet":"max-snippet:-1","max-image-preview":"max-image-preview:large","max-video-preview":"max-video-preview:-1"},"canonical":"https:\/\/hopespoir.ca\/fr\/politique-de-confidentialite\/","og_locale":"fr_FR","og_type":"article","og_title":"Politique de confidentialit\u00e9 - Hopespoir","og_description":"La confiance que vous accordez \u00e0 la Fondation Jeunesse Brome-Missisquoi nous est pr\u00e9cieuse. C&rsquo;est pourquoi nous nous faisons un devoir d&rsquo;agir avec int\u00e9grit\u00e9 et transparence, y compris dans la fa\u00e7on dont nous traitons vos renseignements personnels. Conform\u00e9ment au droit applicable, vous trouverez dans la politique ci-dessous des informations relatives aux diff\u00e9rents contextes dans lesquels la&hellip;","og_url":"https:\/\/hopespoir.ca\/fr\/politique-de-confidentialite\/","og_site_name":"Hopespoir","article_modified_time":"2023-12-05T20:37:24+00:00","og_image":[{"width":1200,"height":675,"url":"https:\/\/hopespoir.ca\/wp-content\/uploads\/2023\/11\/logo-BMYF-title-2023.png","type":"image\/png"}],"twitter_card":"summary_large_image","twitter_misc":{"Dur\u00e9e de lecture estim\u00e9e":"5 minutes"},"schema":{"@context":"https:\/\/schema.org","@graph":[{"@type":"WebPage","@id":"https:\/\/hopespoir.ca\/fr\/politique-de-confidentialite\/","url":"https:\/\/hopespoir.ca\/fr\/politique-de-confidentialite\/","name":"Politique de confidentialit\u00e9 - Hopespoir","isPartOf":{"@id":"https:\/\/hopespoir.ca\/fr\/#website"},"datePublished":"2023-11-14T20:45:42+00:00","dateModified":"2023-12-05T20:37:24+00:00","breadcrumb":{"@id":"https:\/\/hopespoir.ca\/fr\/politique-de-confidentialite\/#breadcrumb"},"inLanguage":"fr-FR","potentialAction":[{"@type":"ReadAction","target":["https:\/\/hopespoir.ca\/fr\/politique-de-confidentialite\/"]}]},{"@type":"BreadcrumbList","@id":"https:\/\/hopespoir.ca\/fr\/politique-de-confidentialite\/#breadcrumb","itemListElement":[{"@type":"ListItem","position":1,"name":"Home","item":"https:\/\/hopespoir.ca\/fr\/"},{"@type":"ListItem","position":2,"name":"Politique de confidentialit\u00e9"}]},{"@type":"WebSite","@id":"https:\/\/hopespoir.ca\/fr\/#website","url":"https:\/\/hopespoir.ca\/fr\/","name":"Hopespoir","description":"HOPESPOIR : H\u00e9bergement et l\u2019encadrement pour adolescents \u00e0 Cowansville","publisher":{"@id":"https:\/\/hopespoir.ca\/fr\/#organization"},"alternateName":"HOPESPOIR","potentialAction":[{"@type":"SearchAction","target":{"@type":"EntryPoint","urlTemplate":"https:\/\/hopespoir.ca\/fr\/?s={search_term_string}"},"query-input":{"@type":"PropertyValueSpecification","valueRequired":true,"valueName":"search_term_string"}}],"inLanguage":"fr-FR"},{"@type":"Organization","@id":"https:\/\/hopespoir.ca\/fr\/#organization","name":"Brome-Missisquoi Youth Fondation","alternateName":"HOPESPOIR","url":"https:\/\/hopespoir.ca\/fr\/","logo":{"@type":"ImageObject","inLanguage":"fr-FR","@id":"https:\/\/hopespoir.ca\/fr\/#\/schema\/logo\/image\/","url":"https:\/\/hopespoir.ca\/wp-content\/uploads\/2023\/09\/cropped-hope-espoir-image-de-site.png","contentUrl":"https:\/\/hopespoir.ca\/wp-content\/uploads\/2023\/09\/cropped-hope-espoir-image-de-site.png","width":512,"height":512,"caption":"Brome-Missisquoi Youth Fondation"},"image":{"@id":"https:\/\/hopespoir.ca\/fr\/#\/schema\/logo\/image\/"}}]}},"_links":{"self":[{"href":"https:\/\/hopespoir.ca\/fr\/wp-json\/wp\/v2\/pages\/1404","targetHints":{"allow":["GET"]}}],"collection":[{"href":"https:\/\/hopespoir.ca\/fr\/wp-json\/wp\/v2\/pages"}],"about":[{"href":"https:\/\/hopespoir.ca\/fr\/wp-json\/wp\/v2\/types\/page"}],"author":[{"embeddable":true,"href":"https:\/\/hopespoir.ca\/fr\/wp-json\/wp\/v2\/users\/6"}],"replies":[{"embeddable":true,"href":"https:\/\/hopespoir.ca\/fr\/wp-json\/wp\/v2\/comments?post=1404"}],"version-history":[{"count":4,"href":"https:\/\/hopespoir.ca\/fr\/wp-json\/wp\/v2\/pages\/1404\/revisions"}],"predecessor-version":[{"id":1487,"href":"https:\/\/hopespoir.ca\/fr\/wp-json\/wp\/v2\/pages\/1404\/revisions\/1487"}],"wp:attachment":[{"href":"https:\/\/hopespoir.ca\/fr\/wp-json\/wp\/v2\/media?parent=1404"}],"curies":[{"name":"wp","href":"https:\/\/api.w.org\/{rel}","templated":true}]}}