{"id":137,"date":"2015-08-10T12:27:49","date_gmt":"2015-08-10T16:27:49","guid":{"rendered":"http:\/\/hopespoir.ca\/?page_id=137"},"modified":"2026-04-15T08:25:47","modified_gmt":"2026-04-15T12:25:47","slug":"evenements","status":"publish","type":"page","link":"https:\/\/hopespoir.ca\/fr\/evenements\/","title":{"rendered":"\u00c9v\u00e9nements-b\u00e9n\u00e9fice"},"content":{"rendered":"\n<h1>\n\t\t\tActivit\u00e9s de collecte de fonds actuelles\t<\/h1>\n\t<p>La fondation organise des \u00e9v\u00e9nements de collecte de fonds pour aider \u00e0 financer l&rsquo;entretien annuel des trois maisons de l&rsquo;espoir et pour sensibiliser la communaut\u00e9 \u00e0 l&rsquo;important travail qu&rsquo;elle accomplit pour les jeunes \u00e0 risque.<\/p>\n<p>Les fonds collect\u00e9s servent \u00e9galement \u00e0 financer des bourses et des activit\u00e9s pour les jeunes.<\/p>\n<p>&nbsp;<\/p>\n\t<p>La Fondation Jeunesse Brome-Missisquoi a toujours besoin de nouveaux b\u00e9n\u00e9voles pour l&rsquo;aider \u00e0 organiser ses \u00e9v\u00e9nements de collecte de fonds. Si vous souhaitez soutenir une bonne cause et travailler avec d&rsquo;autres personnes qui s&rsquo;int\u00e9ressent aux jeunes \u00e0 risque, veuillez nous contacter \u00e0 l&rsquo;adresse <strong><a href=\"mailto:info@hopespoir.ca\">info@hopespoir.ca<\/a><\/strong>.<\/p>\n<p>N&rsquo;h\u00e9sitez pas \u00e0 faire conna\u00eetre le travail important que la Fondation Jeunesse Brome-Missisquoi accomplit pour les jeunes \u00e0 risque de la r\u00e9gion.<\/p>\n<p>&nbsp;<\/p>\n<figure itemscope=\"\" itemtype=\"https:\/\/schema.org\/ImageObject\">\n\t\t\t\t<img decoding=\"async\" src=\"https:\/\/hopespoir.ca\/wp-content\/uploads\/2023\/11\/Tony-Toni-Serge.jpeg\" alt=\"Diner fundraising\" height=\"240\" width=\"320\" title=\"Tony-Toni-Serge\" onerror=\"this.style.display='none'\" loading=\"lazy\">\n\t<\/figure>\n<figure itemscope=\"\" itemtype=\"https:\/\/schema.org\/ImageObject\">\n\t\t\t\t<img decoding=\"async\" src=\"https:\/\/hopespoir.ca\/wp-content\/uploads\/2023\/11\/Guy-playing-bridge.jpeg\" alt=\"Bridge fundraising activity\" height=\"240\" width=\"320\" title=\"Guy playing bridge\" onerror=\"this.style.display='none'\" loading=\"lazy\">\n\t<\/figure>\n<h2>\n\t\t\tActivit\u00e9 de Bridge\t<\/h2>\n\t<p>La regrett\u00e9e <strong>Susan Casey<\/strong> a lanc\u00e9 le D\u00e9jeuner Bridge en 2007 et l&rsquo;a dirig\u00e9 jusqu&rsquo;en 2009. <strong>Pat Blanshay<\/strong> a ensuite pris le relais jusqu&rsquo;en 2011 et <strong>Toni Marion<\/strong> de 2012 &#8211; 2023.&nbsp; Ensuite<strong> Jane Latter<\/strong> et <strong>Mary Moore<\/strong> est en charge actuellement.<\/p>\n\t\t\t\t<p>\u00a0\u00bb Nous nous sommes beaucoup amus\u00e9s et tout le monde a l&rsquo;air de l&rsquo;appr\u00e9cier \u00e9norm\u00e9ment. \u00ab\u00a0<\/p>\n\t\t\t\t<h5>Robin Sewell, qui a \u00e9t\u00e9 membre du comit\u00e9 de l&rsquo;activit\u00e9 de bridge pendant de nombreuses ann\u00e9es<\/h5>\n\t<p>L&rsquo;activit\u00e9 de bridge a eu lieu un apr\u00e8s-midi d&rsquo;automne au centre communautaire de Lac Brome. Une centaine de gens assistaient \u00e0 l&rsquo;\u00e9v\u00e9nement. Ils ont pu ainsi jouer au bridge en duplicata ou en contrat, au Mah-jong, au Scrabble et gagner des prix. Le tout est accompagn\u00e9 d&rsquo;une d\u00e9licieuse bo\u00eete \u00e0 lunch. Il y a aussi du vin en vente sur place. Cet \u00e9v\u00e9nement g\u00e9n\u00e8re 5,000$ par ann\u00e9e pour la fondation.<\/p>\n<p>&nbsp;<\/p>\n\t\t<h3>Vous souhaitez en savoir plus sur cet \u00e9v\u00e9nement ?<\/h3>\n\t\t\t<a href=\"mailto:bridge@hopespoir.ca\" target=\"_blank\" rel=\"noopener\">\n\t\t\t\t\t\tContactez-nous\n\t\t\t\t\t<\/a>\n<figure itemscope=\"\" itemtype=\"https:\/\/schema.org\/ImageObject\">\n\t\t\t\t<img decoding=\"async\" src=\"https:\/\/hopespoir.ca\/wp-content\/uploads\/2023\/10\/Christmas-Wreaths-2016.jpg\" alt=\"Christmas Wreaths Fundraising\" height=\"1200\" width=\"923\" title=\"Christmas-Wreaths-2016\" onerror=\"this.style.display='none'\" loading=\"lazy\">\n\t<\/figure>\n<h2>\n\t\t\tVente de couronnes de No\u00ebl\t<\/h2>\n\t<p><strong>Sue Scott<\/strong>, une ancienne membre du conseil d&rsquo;administration, a lanc\u00e9 cette collecte de fonds il y a de nombreuses ann\u00e9es. Les b\u00e9n\u00e9voles se r\u00e9unissent pendant une journ\u00e9e, dans un endroit convivial depuis quelques ann\u00e9es, pour fabriquer environ 200 couronnes qui sont vendues dans la communaut\u00e9. C&rsquo;est une journ\u00e9e amusante o\u00f9 l&rsquo;on fait preuve de cr\u00e9ativit\u00e9 pour une bonne cause.<\/p>\n\t\t<h3>Vous souhaitez en savoir plus sur cette collecte de fonds ?<\/h3>\n\t\t\t<a href=\"mailto:wreaths@hopespoir.ca\" target=\"_blank\" rel=\"noopener\">\n\t\t\t\t\t\tContactez-nous\n\t\t\t\t\t<\/a>\n<h2>\n\t\t\tSouper Gala du Printemps\t<\/h2>\n\tDepuis pr\u00e8s de vingt ans, un souper de gala est organis\u00e9 une ou deux fois par ann\u00e9e afin d&rsquo;amasser des fonds pour les Maisons de l&rsquo;espoir. Plus de 100 sympathisants se r\u00e9unissent pour un repas convivial, d\u00e9licieux et \u00e0 guichets ferm\u00e9s, accompagn\u00e9 de vin et d&rsquo;une vente o\u00f9 sont mis aux ench\u00e8res des objets et des exp\u00e9riences vari\u00e9s. Cette ann\u00e9e, le souper de gala du printemps a eu lieu en mai \u00e0 l&rsquo;Auberge West Brome, dans un d\u00e9cor unique. Cet \u00e9v\u00e9nement g\u00e9n\u00e8re environ 20 000$ par an pour la fondation.<br>\nVous souhaitez en savoir plus sur cette collecte de fonds?\n<p>Veuillez consulter l&rsquo;adresse suivante: <a href=\"mailto:springdinner@hopespoir.ca\">springdinner@hopespoir.ca<\/a><\/p>\n<p>&nbsp;<\/p>\n<p>&nbsp;<\/p>\n<p>&nbsp;<\/p>\n<figure itemscope=\"\" itemtype=\"https:\/\/schema.org\/ImageObject\">\n\t\t\t\t<img decoding=\"async\" src=\"https:\/\/hopespoir.ca\/wp-content\/uploads\/2026\/04\/Gala-collage-2026-2.png\" alt=\"Gala collage 2026\" height=\"1418\" width=\"1204\" title=\"Gala collage 2026\" onerror=\"this.style.display='none'\" loading=\"lazy\">\n\t<\/figure>\n\t\t<h3>Vous souhaitez en savoir plus sur cette collecte de fonds ?<\/h3>\n\t\t\t<a href=\"mailto:springdinner@hopespoir.ca\" target=\"_blank\" rel=\"noopener\">\n\t\t\t\t\t\tContactez-nous\n\t\t\t\t\t<\/a>\n","protected":false},"excerpt":{"rendered":"<p>Activit\u00e9s de collecte de fonds actuelles La fondation organise des \u00e9v\u00e9nements de collecte de fonds pour aider \u00e0 financer l&rsquo;entretien annuel des trois maisons de l&rsquo;espoir et pour sensibiliser la communaut\u00e9 \u00e0 l&rsquo;important travail qu&rsquo;elle accomplit pour les jeunes \u00e0 risque. Les fonds collect\u00e9s servent \u00e9galement \u00e0 financer des bourses et des activit\u00e9s pour les&hellip;<\/p>\n","protected":false},"author":6,"featured_media":0,"parent":0,"menu_order":80,"comment_status":"closed","ping_status":"closed","template":"","meta":{"_acf_changed":false,"footnotes":""},"class_list":["post-137","page","type-page","status-publish","hentry"],"acf":[],"yoast_head":"<!-- This site is optimized with the Yoast SEO plugin v27.4 - https:\/\/yoast.com\/product\/yoast-seo-wordpress\/ -->\n<title>\u00c9v\u00e9nements-b\u00e9n\u00e9fice par la Fondation jeunesse Brome-Missisquoi<\/title>\n<meta name=\"description\" content=\"La Fondation jeunesse Brome-Missisquoi organise des \u00e9v\u00e9nements-b\u00e9n\u00e9fice pour les maisons de l&#039;espoir et sensibiliser les jeunes \u00e0 risque.\" \/>\n<meta name=\"robots\" content=\"index, follow, max-snippet:-1, max-image-preview:large, max-video-preview:-1\" \/>\n<link rel=\"canonical\" href=\"https:\/\/hopespoir.ca\/fr\/evenements\/\" \/>\n<meta property=\"og:locale\" content=\"fr_FR\" \/>\n<meta property=\"og:type\" content=\"article\" \/>\n<meta property=\"og:title\" content=\"\u00c9v\u00e9nements-b\u00e9n\u00e9fice par la Fondation jeunesse Brome-Missisquoi\" \/>\n<meta property=\"og:description\" content=\"La Fondation jeunesse Brome-Missisquoi organise des \u00e9v\u00e9nements-b\u00e9n\u00e9fice pour les maisons de l&#039;espoir et sensibiliser les jeunes \u00e0 risque.\" \/>\n<meta property=\"og:url\" content=\"https:\/\/hopespoir.ca\/fr\/evenements\/\" \/>\n<meta property=\"og:site_name\" content=\"Hopespoir\" \/>\n<meta property=\"article:modified_time\" content=\"2026-04-15T12:25:47+00:00\" \/>\n<meta property=\"og:image\" content=\"https:\/\/hopespoir.ca\/wp-content\/uploads\/2023\/12\/logo-BMYF-title-FR-2023.png\" \/>\n\t<meta property=\"og:image:width\" content=\"1146\" \/>\n\t<meta property=\"og:image:height\" content=\"557\" \/>\n\t<meta property=\"og:image:type\" content=\"image\/png\" \/>\n<meta name=\"twitter:card\" content=\"summary_large_image\" \/>\n<meta name=\"twitter:label1\" content=\"Dur\u00e9e de lecture estim\u00e9e\" \/>\n\t<meta name=\"twitter:data1\" content=\"4 minutes\" \/>\n<script type=\"application\/ld+json\" class=\"yoast-schema-graph\">{\"@context\":\"https:\\\/\\\/schema.org\",\"@graph\":[{\"@type\":\"WebPage\",\"@id\":\"https:\\\/\\\/hopespoir.ca\\\/fr\\\/evenements\\\/\",\"url\":\"https:\\\/\\\/hopespoir.ca\\\/fr\\\/evenements\\\/\",\"name\":\"\u00c9v\u00e9nements-b\u00e9n\u00e9fice par la Fondation jeunesse Brome-Missisquoi\",\"isPartOf\":{\"@id\":\"https:\\\/\\\/hopespoir.ca\\\/fr\\\/#website\"},\"primaryImageOfPage\":{\"@id\":\"https:\\\/\\\/hopespoir.ca\\\/fr\\\/evenements\\\/#primaryimage\"},\"image\":{\"@id\":\"https:\\\/\\\/hopespoir.ca\\\/fr\\\/evenements\\\/#primaryimage\"},\"thumbnailUrl\":\"https:\\\/\\\/hopespoir.ca\\\/wp-content\\\/uploads\\\/2023\\\/11\\\/Tony-Toni-Serge.jpeg\",\"datePublished\":\"2015-08-10T16:27:49+00:00\",\"dateModified\":\"2026-04-15T12:25:47+00:00\",\"description\":\"La Fondation jeunesse Brome-Missisquoi organise des \u00e9v\u00e9nements-b\u00e9n\u00e9fice pour les maisons de l'espoir et sensibiliser les jeunes \u00e0 risque.\",\"breadcrumb\":{\"@id\":\"https:\\\/\\\/hopespoir.ca\\\/fr\\\/evenements\\\/#breadcrumb\"},\"inLanguage\":\"fr-FR\",\"potentialAction\":[{\"@type\":\"ReadAction\",\"target\":[\"https:\\\/\\\/hopespoir.ca\\\/fr\\\/evenements\\\/\"]}]},{\"@type\":\"ImageObject\",\"inLanguage\":\"fr-FR\",\"@id\":\"https:\\\/\\\/hopespoir.ca\\\/fr\\\/evenements\\\/#primaryimage\",\"url\":\"https:\\\/\\\/hopespoir.ca\\\/wp-content\\\/uploads\\\/2023\\\/11\\\/Tony-Toni-Serge.jpeg\",\"contentUrl\":\"https:\\\/\\\/hopespoir.ca\\\/wp-content\\\/uploads\\\/2023\\\/11\\\/Tony-Toni-Serge.jpeg\"},{\"@type\":\"BreadcrumbList\",\"@id\":\"https:\\\/\\\/hopespoir.ca\\\/fr\\\/evenements\\\/#breadcrumb\",\"itemListElement\":[{\"@type\":\"ListItem\",\"position\":1,\"name\":\"Home\",\"item\":\"https:\\\/\\\/hopespoir.ca\\\/fr\\\/\"},{\"@type\":\"ListItem\",\"position\":2,\"name\":\"\u00c9v\u00e9nements-b\u00e9n\u00e9fice\"}]},{\"@type\":\"WebSite\",\"@id\":\"https:\\\/\\\/hopespoir.ca\\\/fr\\\/#website\",\"url\":\"https:\\\/\\\/hopespoir.ca\\\/fr\\\/\",\"name\":\"Hopespoir\",\"description\":\"HOPESPOIR : H\u00e9bergement et l\u2019encadrement pour adolescents \u00e0 Cowansville\",\"publisher\":{\"@id\":\"https:\\\/\\\/hopespoir.ca\\\/fr\\\/#organization\"},\"alternateName\":\"HOPESPOIR\",\"potentialAction\":[{\"@type\":\"SearchAction\",\"target\":{\"@type\":\"EntryPoint\",\"urlTemplate\":\"https:\\\/\\\/hopespoir.ca\\\/fr\\\/?s={search_term_string}\"},\"query-input\":{\"@type\":\"PropertyValueSpecification\",\"valueRequired\":true,\"valueName\":\"search_term_string\"}}],\"inLanguage\":\"fr-FR\"},{\"@type\":\"Organization\",\"@id\":\"https:\\\/\\\/hopespoir.ca\\\/fr\\\/#organization\",\"name\":\"Brome-Missisquoi Youth Fondation\",\"alternateName\":\"HOPESPOIR\",\"url\":\"https:\\\/\\\/hopespoir.ca\\\/fr\\\/\",\"logo\":{\"@type\":\"ImageObject\",\"inLanguage\":\"fr-FR\",\"@id\":\"https:\\\/\\\/hopespoir.ca\\\/fr\\\/#\\\/schema\\\/logo\\\/image\\\/\",\"url\":\"https:\\\/\\\/hopespoir.ca\\\/wp-content\\\/uploads\\\/2023\\\/09\\\/cropped-hope-espoir-image-de-site.png\",\"contentUrl\":\"https:\\\/\\\/hopespoir.ca\\\/wp-content\\\/uploads\\\/2023\\\/09\\\/cropped-hope-espoir-image-de-site.png\",\"width\":512,\"height\":512,\"caption\":\"Brome-Missisquoi Youth Fondation\"},\"image\":{\"@id\":\"https:\\\/\\\/hopespoir.ca\\\/fr\\\/#\\\/schema\\\/logo\\\/image\\\/\"}}]}<\/script>\n<!-- \/ Yoast SEO plugin. -->","yoast_head_json":{"title":"\u00c9v\u00e9nements-b\u00e9n\u00e9fice par la Fondation jeunesse Brome-Missisquoi","description":"La Fondation jeunesse Brome-Missisquoi organise des \u00e9v\u00e9nements-b\u00e9n\u00e9fice pour les maisons de l'espoir et sensibiliser les jeunes \u00e0 risque.","robots":{"index":"index","follow":"follow","max-snippet":"max-snippet:-1","max-image-preview":"max-image-preview:large","max-video-preview":"max-video-preview:-1"},"canonical":"https:\/\/hopespoir.ca\/fr\/evenements\/","og_locale":"fr_FR","og_type":"article","og_title":"\u00c9v\u00e9nements-b\u00e9n\u00e9fice par la Fondation jeunesse Brome-Missisquoi","og_description":"La Fondation jeunesse Brome-Missisquoi organise des \u00e9v\u00e9nements-b\u00e9n\u00e9fice pour les maisons de l'espoir et sensibiliser les jeunes \u00e0 risque.","og_url":"https:\/\/hopespoir.ca\/fr\/evenements\/","og_site_name":"Hopespoir","article_modified_time":"2026-04-15T12:25:47+00:00","og_image":[{"width":1146,"height":557,"url":"https:\/\/hopespoir.ca\/wp-content\/uploads\/2023\/12\/logo-BMYF-title-FR-2023.png","type":"image\/png"}],"twitter_card":"summary_large_image","twitter_misc":{"Dur\u00e9e de lecture estim\u00e9e":"4 minutes"},"schema":{"@context":"https:\/\/schema.org","@graph":[{"@type":"WebPage","@id":"https:\/\/hopespoir.ca\/fr\/evenements\/","url":"https:\/\/hopespoir.ca\/fr\/evenements\/","name":"\u00c9v\u00e9nements-b\u00e9n\u00e9fice par la Fondation jeunesse Brome-Missisquoi","isPartOf":{"@id":"https:\/\/hopespoir.ca\/fr\/#website"},"primaryImageOfPage":{"@id":"https:\/\/hopespoir.ca\/fr\/evenements\/#primaryimage"},"image":{"@id":"https:\/\/hopespoir.ca\/fr\/evenements\/#primaryimage"},"thumbnailUrl":"https:\/\/hopespoir.ca\/wp-content\/uploads\/2023\/11\/Tony-Toni-Serge.jpeg","datePublished":"2015-08-10T16:27:49+00:00","dateModified":"2026-04-15T12:25:47+00:00","description":"La Fondation jeunesse Brome-Missisquoi organise des \u00e9v\u00e9nements-b\u00e9n\u00e9fice pour les maisons de l'espoir et sensibiliser les jeunes \u00e0 risque.","breadcrumb":{"@id":"https:\/\/hopespoir.ca\/fr\/evenements\/#breadcrumb"},"inLanguage":"fr-FR","potentialAction":[{"@type":"ReadAction","target":["https:\/\/hopespoir.ca\/fr\/evenements\/"]}]},{"@type":"ImageObject","inLanguage":"fr-FR","@id":"https:\/\/hopespoir.ca\/fr\/evenements\/#primaryimage","url":"https:\/\/hopespoir.ca\/wp-content\/uploads\/2023\/11\/Tony-Toni-Serge.jpeg","contentUrl":"https:\/\/hopespoir.ca\/wp-content\/uploads\/2023\/11\/Tony-Toni-Serge.jpeg"},{"@type":"BreadcrumbList","@id":"https:\/\/hopespoir.ca\/fr\/evenements\/#breadcrumb","itemListElement":[{"@type":"ListItem","position":1,"name":"Home","item":"https:\/\/hopespoir.ca\/fr\/"},{"@type":"ListItem","position":2,"name":"\u00c9v\u00e9nements-b\u00e9n\u00e9fice"}]},{"@type":"WebSite","@id":"https:\/\/hopespoir.ca\/fr\/#website","url":"https:\/\/hopespoir.ca\/fr\/","name":"Hopespoir","description":"HOPESPOIR : H\u00e9bergement et l\u2019encadrement pour adolescents \u00e0 Cowansville","publisher":{"@id":"https:\/\/hopespoir.ca\/fr\/#organization"},"alternateName":"HOPESPOIR","potentialAction":[{"@type":"SearchAction","target":{"@type":"EntryPoint","urlTemplate":"https:\/\/hopespoir.ca\/fr\/?s={search_term_string}"},"query-input":{"@type":"PropertyValueSpecification","valueRequired":true,"valueName":"search_term_string"}}],"inLanguage":"fr-FR"},{"@type":"Organization","@id":"https:\/\/hopespoir.ca\/fr\/#organization","name":"Brome-Missisquoi Youth Fondation","alternateName":"HOPESPOIR","url":"https:\/\/hopespoir.ca\/fr\/","logo":{"@type":"ImageObject","inLanguage":"fr-FR","@id":"https:\/\/hopespoir.ca\/fr\/#\/schema\/logo\/image\/","url":"https:\/\/hopespoir.ca\/wp-content\/uploads\/2023\/09\/cropped-hope-espoir-image-de-site.png","contentUrl":"https:\/\/hopespoir.ca\/wp-content\/uploads\/2023\/09\/cropped-hope-espoir-image-de-site.png","width":512,"height":512,"caption":"Brome-Missisquoi Youth Fondation"},"image":{"@id":"https:\/\/hopespoir.ca\/fr\/#\/schema\/logo\/image\/"}}]}},"_links":{"self":[{"href":"https:\/\/hopespoir.ca\/fr\/wp-json\/wp\/v2\/pages\/137","targetHints":{"allow":["GET"]}}],"collection":[{"href":"https:\/\/hopespoir.ca\/fr\/wp-json\/wp\/v2\/pages"}],"about":[{"href":"https:\/\/hopespoir.ca\/fr\/wp-json\/wp\/v2\/types\/page"}],"author":[{"embeddable":true,"href":"https:\/\/hopespoir.ca\/fr\/wp-json\/wp\/v2\/users\/6"}],"replies":[{"embeddable":true,"href":"https:\/\/hopespoir.ca\/fr\/wp-json\/wp\/v2\/comments?post=137"}],"version-history":[{"count":142,"href":"https:\/\/hopespoir.ca\/fr\/wp-json\/wp\/v2\/pages\/137\/revisions"}],"predecessor-version":[{"id":2070,"href":"https:\/\/hopespoir.ca\/fr\/wp-json\/wp\/v2\/pages\/137\/revisions\/2070"}],"wp:attachment":[{"href":"https:\/\/hopespoir.ca\/fr\/wp-json\/wp\/v2\/media?parent=137"}],"curies":[{"name":"wp","href":"https:\/\/api.w.org\/{rel}","templated":true}]}}