{"id":1015,"date":"2023-09-20T11:19:57","date_gmt":"2023-09-20T15:19:57","guid":{"rendered":"http:\/\/hopespoir.ca\/?page_id=1015"},"modified":"2026-03-18T17:21:41","modified_gmt":"2026-03-18T21:21:41","slug":"nos-maisons","status":"publish","type":"page","link":"https:\/\/hopespoir.ca\/fr\/nos-maisons\/","title":{"rendered":"Nos maisons"},"content":{"rendered":"\n<h3>\n\t\t\tLa fondation Jeunesse Brome-Missisquoi\t<\/h3>\n<h1>\n\t\t\tLes Maisons de l&rsquo;Espoir\t<\/h1>\n\t<p>La Fondation Jeunesse Brome Missisquoi a construit entre 1996 et 1998 et gr\u00e2ce aux fonds l\u00e9gu\u00e9s par Mme Contat les trois Maisons de l&rsquo;espoir pour venir en aide aux jeunes \u00e0 risque de la r\u00e9gion.<\/p>\n<p>Nous assurons maintenant l&rsquo;entretien et nous veillons \u00e0 couvrir les co\u00fbts des assurances et des taxes de ces maisons.<\/p>\n<p>La Fondation travaille avec la Direction de la protection de la jeunesse et des organisations communautaires locales pour fournir les services n\u00e9cessaires aux jeunes r\u00e9sidents.<\/p>\n<h2>\n\t\t\tMaison Contat\t<\/h2>\n\t<p>Cette maison a \u00e9t\u00e9 construite en 1998 et peut actuellement accueillir jusqu&rsquo;\u00e0 9 enfants \u00e0 risque francophones et anglophones \u00e0 long terme, avec une priorit\u00e9 pour les enfants anglophones si n\u00e9cessaire. Les chambres individuelles sont r\u00e9parties dans deux ailes avec chacune une salle de bain compl\u00e8te.<\/p>\n<h2>\n\t\t\tLe Tremplin\t<\/h2>\n\t<p>Cette maison construite en 2000 peut accueillir jusqu&rsquo;\u00e0 9 jeunes francophones, principalement pour des s\u00e9jours de longue dur\u00e9e. Les chambres individuelles sont r\u00e9parties dans deux ailes, chacune avec une salle de bain compl\u00e8te. La maison offre une alternative essentielle aux centres de d\u00e9tention pour la client\u00e8le r\u00e9f\u00e9r\u00e9e par la DPJ.<\/p>\n<h2>\n\t\t\tEspace vivant\t<\/h2>\n\t<p>Cette maison, pour jeunes francophones et anglophones, a ouvert ses portes en 2008 et peut accueillir jusqu&rsquo;\u00e0 8 jeunes. Ses 8 chambres individuelles sont r\u00e9parties dans deux ailes, chacune avec une salle de bain compl\u00e8te. Cette maison r\u00e9pond principalement \u00e0 des besoins \u00e0 court ou moyen terme.<\/p>\n\n","protected":false},"excerpt":{"rendered":"<p>La fondation Jeunesse Brome-Missisquoi Les Maisons de l&rsquo;Espoir La Fondation Jeunesse Brome Missisquoi a construit entre 1996 et 1998 et gr\u00e2ce aux fonds l\u00e9gu\u00e9s par Mme Contat les trois Maisons de l&rsquo;espoir pour venir en aide aux jeunes \u00e0 risque de la r\u00e9gion. Nous assurons maintenant l&rsquo;entretien et nous veillons \u00e0 couvrir les co\u00fbts des&hellip;<\/p>\n","protected":false},"author":6,"featured_media":0,"parent":0,"menu_order":20,"comment_status":"closed","ping_status":"closed","template":"","meta":{"_acf_changed":false,"footnotes":""},"class_list":["post-1015","page","type-page","status-publish","hentry"],"acf":[],"yoast_head":"<!-- This site is optimized with the Yoast SEO plugin v27.3 - https:\/\/yoast.com\/product\/yoast-seo-wordpress\/ -->\n<title>Les Maisons de l&#039;Espoir : foyer de groupe pour enfants \u00e0 risque<\/title>\n<meta name=\"description\" content=\"La Fondation jeunesse Brome-Missisquoi poss\u00e8de et entretient les trois Maisons de l&#039;espoir, des foyers de groupe pour les enfants \u00e0 risque.\" \/>\n<meta name=\"robots\" content=\"index, follow, max-snippet:-1, max-image-preview:large, max-video-preview:-1\" \/>\n<link rel=\"canonical\" href=\"https:\/\/hopespoir.ca\/fr\/nos-maisons\/\" \/>\n<meta property=\"og:locale\" content=\"fr_FR\" \/>\n<meta property=\"og:type\" content=\"article\" \/>\n<meta property=\"og:title\" content=\"Les Maisons de l&#039;Espoir : foyer de groupe pour enfants \u00e0 risque\" \/>\n<meta property=\"og:description\" content=\"La Fondation jeunesse Brome-Missisquoi poss\u00e8de et entretient les trois Maisons de l&#039;espoir, des foyers de groupe pour les enfants \u00e0 risque.\" \/>\n<meta property=\"og:url\" content=\"https:\/\/hopespoir.ca\/fr\/nos-maisons\/\" \/>\n<meta property=\"og:site_name\" content=\"Hopespoir\" \/>\n<meta property=\"article:modified_time\" content=\"2026-03-18T21:21:41+00:00\" \/>\n<meta property=\"og:image\" content=\"https:\/\/hopespoir.ca\/wp-content\/uploads\/2023\/12\/logo-BMYF-title-FR-2023.png\" \/>\n\t<meta property=\"og:image:width\" content=\"1146\" \/>\n\t<meta property=\"og:image:height\" content=\"557\" \/>\n\t<meta property=\"og:image:type\" content=\"image\/png\" \/>\n<meta name=\"twitter:card\" content=\"summary_large_image\" \/>\n<meta name=\"twitter:label1\" content=\"Dur\u00e9e de lecture estim\u00e9e\" \/>\n\t<meta name=\"twitter:data1\" content=\"4 minutes\" \/>\n<script type=\"application\/ld+json\" class=\"yoast-schema-graph\">{\"@context\":\"https:\\\/\\\/schema.org\",\"@graph\":[{\"@type\":\"WebPage\",\"@id\":\"https:\\\/\\\/hopespoir.ca\\\/fr\\\/nos-maisons\\\/\",\"url\":\"https:\\\/\\\/hopespoir.ca\\\/fr\\\/nos-maisons\\\/\",\"name\":\"Les Maisons de l'Espoir : foyer de groupe pour enfants \u00e0 risque\",\"isPartOf\":{\"@id\":\"https:\\\/\\\/hopespoir.ca\\\/fr\\\/#website\"},\"datePublished\":\"2023-09-20T15:19:57+00:00\",\"dateModified\":\"2026-03-18T21:21:41+00:00\",\"description\":\"La Fondation jeunesse Brome-Missisquoi poss\u00e8de et entretient les trois Maisons de l'espoir, des foyers de groupe pour les enfants \u00e0 risque.\",\"breadcrumb\":{\"@id\":\"https:\\\/\\\/hopespoir.ca\\\/fr\\\/nos-maisons\\\/#breadcrumb\"},\"inLanguage\":\"fr-FR\",\"potentialAction\":[{\"@type\":\"ReadAction\",\"target\":[\"https:\\\/\\\/hopespoir.ca\\\/fr\\\/nos-maisons\\\/\"]}]},{\"@type\":\"BreadcrumbList\",\"@id\":\"https:\\\/\\\/hopespoir.ca\\\/fr\\\/nos-maisons\\\/#breadcrumb\",\"itemListElement\":[{\"@type\":\"ListItem\",\"position\":1,\"name\":\"Home\",\"item\":\"https:\\\/\\\/hopespoir.ca\\\/fr\\\/\"},{\"@type\":\"ListItem\",\"position\":2,\"name\":\"Nos maisons\"}]},{\"@type\":\"WebSite\",\"@id\":\"https:\\\/\\\/hopespoir.ca\\\/fr\\\/#website\",\"url\":\"https:\\\/\\\/hopespoir.ca\\\/fr\\\/\",\"name\":\"Hopespoir\",\"description\":\"HOPESPOIR : H\u00e9bergement et l\u2019encadrement pour adolescents \u00e0 Cowansville\",\"publisher\":{\"@id\":\"https:\\\/\\\/hopespoir.ca\\\/fr\\\/#organization\"},\"alternateName\":\"HOPESPOIR\",\"potentialAction\":[{\"@type\":\"SearchAction\",\"target\":{\"@type\":\"EntryPoint\",\"urlTemplate\":\"https:\\\/\\\/hopespoir.ca\\\/fr\\\/?s={search_term_string}\"},\"query-input\":{\"@type\":\"PropertyValueSpecification\",\"valueRequired\":true,\"valueName\":\"search_term_string\"}}],\"inLanguage\":\"fr-FR\"},{\"@type\":\"Organization\",\"@id\":\"https:\\\/\\\/hopespoir.ca\\\/fr\\\/#organization\",\"name\":\"Brome-Missisquoi Youth Fondation\",\"alternateName\":\"HOPESPOIR\",\"url\":\"https:\\\/\\\/hopespoir.ca\\\/fr\\\/\",\"logo\":{\"@type\":\"ImageObject\",\"inLanguage\":\"fr-FR\",\"@id\":\"https:\\\/\\\/hopespoir.ca\\\/fr\\\/#\\\/schema\\\/logo\\\/image\\\/\",\"url\":\"https:\\\/\\\/hopespoir.ca\\\/wp-content\\\/uploads\\\/2023\\\/09\\\/cropped-hope-espoir-image-de-site.png\",\"contentUrl\":\"https:\\\/\\\/hopespoir.ca\\\/wp-content\\\/uploads\\\/2023\\\/09\\\/cropped-hope-espoir-image-de-site.png\",\"width\":512,\"height\":512,\"caption\":\"Brome-Missisquoi Youth Fondation\"},\"image\":{\"@id\":\"https:\\\/\\\/hopespoir.ca\\\/fr\\\/#\\\/schema\\\/logo\\\/image\\\/\"}}]}<\/script>\n<!-- \/ Yoast SEO plugin. -->","yoast_head_json":{"title":"Les Maisons de l'Espoir : foyer de groupe pour enfants \u00e0 risque","description":"La Fondation jeunesse Brome-Missisquoi poss\u00e8de et entretient les trois Maisons de l'espoir, des foyers de groupe pour les enfants \u00e0 risque.","robots":{"index":"index","follow":"follow","max-snippet":"max-snippet:-1","max-image-preview":"max-image-preview:large","max-video-preview":"max-video-preview:-1"},"canonical":"https:\/\/hopespoir.ca\/fr\/nos-maisons\/","og_locale":"fr_FR","og_type":"article","og_title":"Les Maisons de l'Espoir : foyer de groupe pour enfants \u00e0 risque","og_description":"La Fondation jeunesse Brome-Missisquoi poss\u00e8de et entretient les trois Maisons de l'espoir, des foyers de groupe pour les enfants \u00e0 risque.","og_url":"https:\/\/hopespoir.ca\/fr\/nos-maisons\/","og_site_name":"Hopespoir","article_modified_time":"2026-03-18T21:21:41+00:00","og_image":[{"width":1146,"height":557,"url":"https:\/\/hopespoir.ca\/wp-content\/uploads\/2023\/12\/logo-BMYF-title-FR-2023.png","type":"image\/png"}],"twitter_card":"summary_large_image","twitter_misc":{"Dur\u00e9e de lecture estim\u00e9e":"4 minutes"},"schema":{"@context":"https:\/\/schema.org","@graph":[{"@type":"WebPage","@id":"https:\/\/hopespoir.ca\/fr\/nos-maisons\/","url":"https:\/\/hopespoir.ca\/fr\/nos-maisons\/","name":"Les Maisons de l'Espoir : foyer de groupe pour enfants \u00e0 risque","isPartOf":{"@id":"https:\/\/hopespoir.ca\/fr\/#website"},"datePublished":"2023-09-20T15:19:57+00:00","dateModified":"2026-03-18T21:21:41+00:00","description":"La Fondation jeunesse Brome-Missisquoi poss\u00e8de et entretient les trois Maisons de l'espoir, des foyers de groupe pour les enfants \u00e0 risque.","breadcrumb":{"@id":"https:\/\/hopespoir.ca\/fr\/nos-maisons\/#breadcrumb"},"inLanguage":"fr-FR","potentialAction":[{"@type":"ReadAction","target":["https:\/\/hopespoir.ca\/fr\/nos-maisons\/"]}]},{"@type":"BreadcrumbList","@id":"https:\/\/hopespoir.ca\/fr\/nos-maisons\/#breadcrumb","itemListElement":[{"@type":"ListItem","position":1,"name":"Home","item":"https:\/\/hopespoir.ca\/fr\/"},{"@type":"ListItem","position":2,"name":"Nos maisons"}]},{"@type":"WebSite","@id":"https:\/\/hopespoir.ca\/fr\/#website","url":"https:\/\/hopespoir.ca\/fr\/","name":"Hopespoir","description":"HOPESPOIR : H\u00e9bergement et l\u2019encadrement pour adolescents \u00e0 Cowansville","publisher":{"@id":"https:\/\/hopespoir.ca\/fr\/#organization"},"alternateName":"HOPESPOIR","potentialAction":[{"@type":"SearchAction","target":{"@type":"EntryPoint","urlTemplate":"https:\/\/hopespoir.ca\/fr\/?s={search_term_string}"},"query-input":{"@type":"PropertyValueSpecification","valueRequired":true,"valueName":"search_term_string"}}],"inLanguage":"fr-FR"},{"@type":"Organization","@id":"https:\/\/hopespoir.ca\/fr\/#organization","name":"Brome-Missisquoi Youth Fondation","alternateName":"HOPESPOIR","url":"https:\/\/hopespoir.ca\/fr\/","logo":{"@type":"ImageObject","inLanguage":"fr-FR","@id":"https:\/\/hopespoir.ca\/fr\/#\/schema\/logo\/image\/","url":"https:\/\/hopespoir.ca\/wp-content\/uploads\/2023\/09\/cropped-hope-espoir-image-de-site.png","contentUrl":"https:\/\/hopespoir.ca\/wp-content\/uploads\/2023\/09\/cropped-hope-espoir-image-de-site.png","width":512,"height":512,"caption":"Brome-Missisquoi Youth Fondation"},"image":{"@id":"https:\/\/hopespoir.ca\/fr\/#\/schema\/logo\/image\/"}}]}},"_links":{"self":[{"href":"https:\/\/hopespoir.ca\/fr\/wp-json\/wp\/v2\/pages\/1015","targetHints":{"allow":["GET"]}}],"collection":[{"href":"https:\/\/hopespoir.ca\/fr\/wp-json\/wp\/v2\/pages"}],"about":[{"href":"https:\/\/hopespoir.ca\/fr\/wp-json\/wp\/v2\/types\/page"}],"author":[{"embeddable":true,"href":"https:\/\/hopespoir.ca\/fr\/wp-json\/wp\/v2\/users\/6"}],"replies":[{"embeddable":true,"href":"https:\/\/hopespoir.ca\/fr\/wp-json\/wp\/v2\/comments?post=1015"}],"version-history":[{"count":16,"href":"https:\/\/hopespoir.ca\/fr\/wp-json\/wp\/v2\/pages\/1015\/revisions"}],"predecessor-version":[{"id":2014,"href":"https:\/\/hopespoir.ca\/fr\/wp-json\/wp\/v2\/pages\/1015\/revisions\/2014"}],"wp:attachment":[{"href":"https:\/\/hopespoir.ca\/fr\/wp-json\/wp\/v2\/media?parent=1015"}],"curies":[{"name":"wp","href":"https:\/\/api.w.org\/{rel}","templated":true}]}}